{"id":1902,"date":"2019-01-21T09:32:35","date_gmt":"2019-01-21T09:32:35","guid":{"rendered":"http:\/\/eurofootballcup.com\/privacy-policy-legal-terms\/"},"modified":"2019-01-21T09:47:23","modified_gmt":"2019-01-21T09:47:23","slug":"politica-de-privacidad-nota-legal","status":"publish","type":"page","link":"https:\/\/eurofootballcup.com\/es\/politica-de-privacidad-nota-legal\/","title":{"rendered":"Pol\u00edtica de privacidad y nota legal"},"content":{"rendered":"<h2 class=\"title--content-1\" data-fontsize=\"24\" data-lineheight=\"36\">Pol\u00edtica de privacidad, nota legal y protecci\u00f3n de datos de car\u00e1cter personal<\/h2>\n<p><strong>Aviso legal<\/strong><\/p>\n<p>El presente aviso legal (en adelante, el &#8220;Aviso Legal&#8221;) regula el uso del servicio del portal de Internet <a href=\"http:\/\/eurofootballcup.com\">http:\/\/eurofootballcup.com<\/a> (en adelante, el &#8220;Web&#8221;) de Worldtop Group Spain SLU con domicilio social en C\/ Arag\u00f3n 12-16, 3-1 Castelldefels, 08860, con CIF B67007914.<\/p>\n<p><strong>Legislaci\u00f3n<\/strong><\/p>\n<p>Con car\u00e1cter general las relaciones entre Worldtop Group Spain SLU con los Usuarios de sus servicios telem\u00e1ticos, presentes en la web, se encuentran sometidas a la legislaci\u00f3n y jurisdicci\u00f3n espa\u00f1olas.<\/p>\n<p>Las partes renuncian expresamente al fuero que les pudiera corresponder y someten expresamente a los Juzgados y Tribunales de Castelldefels o Gav\u00e0 para resolver cualquier controversia que pueda surgir en la interpretaci\u00f3n o ejecuci\u00f3n de las presentes condiciones contractuales.<\/p>\n<p><strong>Contenido y uso<\/strong><\/p>\n<p>El Usuario queda informado, y acepta, que el acceso a la presente web no supone, en modo alguno, el inicio de una relaci\u00f3n comercial con Worldtop Group Spain SLU.<\/p>\n<p>El titular del web no se identifica con las opiniones vertidas en el mismo por sus colaboradores. La Empresa se reserva el derecho de efectuar sin previo aviso las modificaciones que considere oportunas en su Web, pudiendo cambiar, suprimir o a\u00f1adir tanto los contenidos y servicios que se presten a trav\u00e9s de la misma como la forma en la que \u00e9stos aparezcan presentados o localizados en sus servidores.<\/p>\n<p><strong>Propiedad intelectual e industrial<\/strong><\/p>\n<p>Los derechos de propiedad intelectual del contenido de las p\u00e1ginas web, su dise\u00f1o gr\u00e1fico y c\u00f3digos son titularidad de Worldtop Group Spain SLU y, por tanto, queda prohibida su reproducci\u00f3n, distribuci\u00f3n, comunicaci\u00f3n p\u00fablica, transformaci\u00f3n o cualquier otra actividad que se pueda realizar con los contenidos de sus p\u00e1ginas web ni aun citando las fuentes, salvo consentimiento por escrito de Worldtop Group Spain SLU. Todos los nombres comerciales, marcas o signos distintos de cualquier clase contenidos en las p\u00e1ginas web de la Empresa son propiedad de sus due\u00f1os y est\u00e1n protegidos por ley.<\/p>\n<p><strong>Enlaces (Links)<\/strong><\/p>\n<p>La presencia de enlaces (links) en las p\u00e1ginas web de Worldtop Group Spain SLU tiene finalidad meramente informativa y en ning\u00fan caso supone sugerencia, invitaci\u00f3n o recomendaci\u00f3n sobre los mismos.<\/p>\n<p><strong>Confidencialidad y Protecci\u00f3n de Datos<\/strong><\/p>\n<p>A efecto de lo previsto en RGPD de 27 de abril de 2016, Worldtop Group Spain SLU informa al Usuario de la existencia de un tratamiento automatizado de datos de car\u00e1cter personal creado por y para Worldtop Group Spain SLU y bajo su responsabilidad, con la finalidad de realizar el mantenimiento y gesti\u00f3n de la relaci\u00f3n con el Usuario, as\u00ed como las labores de informaci\u00f3n. En el momento de la aceptaci\u00f3n de las presentes condiciones generales, Worldtop Group Spain SLU precisar\u00e1 del Usuario la recogida de unos datos imprescindibles para la prestaci\u00f3n de sus servicios.<\/p>\n<p><strong>Registro de ficheros y formularios<\/strong><\/p>\n<p>La cumplimentaci\u00f3n del formulario de registro es obligatoria para acceder y disfrutar de determinados servicios ofrecidos en la web. El no facilitar los datos personales solicitados o el no aceptar la presente pol\u00edtica de protecci\u00f3n de datos supone la imposibilidad de suscribirse, registrarse o participar en cualquiera de las promociones en las que se soliciten datos car\u00e1cter personal.<\/p>\n<p>A efecto de lo previsto en RGPD de 27 de abril de 2016, le informamos que los datos personales que se obtengan como consecuencia de su registro como Usuario, ser\u00e1n incorporados a un fichero titularidad de Worldtop Group Spain SLU con C.I.F B67007914 y domicilio en C\/CARRER ARAGON 12-16,3-1 Castelldefels, 08860, BIZKAIA, teniendo implementadas las medidas de seguridad establecidas en el Real Decreto 1720\/2007, de 11 de junio.<\/p>\n<p><strong>Exactitud y veracidad de los datos facilitados<\/strong><\/p>\n<p>El Usuario es el \u00fanico responsable de la veracidad y correcci\u00f3n de los datos incluidos, exoner\u00e1ndose Worldtop Group Spain SLU de cualquier responsabilidad al respecto. Los usuarios garantizan y responden, en cualquier caso, de la exactitud, vigencia y autenticidad de los datos personales facilitados, y se comprometen a mantenerlos debidamente actualizados. El usuario acepta proporcionar informaci\u00f3n completa y correcta en el formulario de registro o suscripci\u00f3n. Worldtop Group Spain SLU no responde de la veracidad de las informaciones que no sean de elaboraci\u00f3n propia y de las que se indique otra fuente, por lo que tampoco asume responsabilidad alguna en cuanto a hipot\u00e9ticos perjuicios que pudieran originarse por el uso de dicha informaci\u00f3n.\u00a0Worldtop Group Spain SLU se reserva el derecho a actualizar, modificar o eliminar la informaci\u00f3n contenida en sus p\u00e1ginas web pudiendo incluso limitar o no permitir el acceso a dicha informaci\u00f3n. Se exonera a Worldtop Group Spain SLU de responsabilidad ante cualquier da\u00f1o o perjuicio que pudiera sufrir el Usuario como consecuencia de errores, defectos u omisiones, en la informaci\u00f3n facilitada por Worldtop Group Spain SLU siempre que proceda de fuentes ajenas a Worldtop Group Spain SLU.<\/p>\n<p><strong>Cookies<\/strong><\/p>\n<p>Es posible que el sitio <a href=\"http:\/\/eurofootballcup.com\">http:\/\/eurofootballcup.com<\/a> utiliza cookies, considerando tales ficheros f\u00edsicos de informaci\u00f3n alojados en el propio terminal del usuario y sirven para facilitar la navegaci\u00f3n del usuario por el portal. De todas formas, el usuario tiene la posibilidad de configurar el navegador de tal modo que impida la instalaci\u00f3n de estos archivos.<\/p>\n<p>Wortldtop Group Spain SLU podr\u00e1 introducir informaci\u00f3n espec\u00edfica en su computadora para que sea posible identificar al usuario de manera r\u00e1pida y sencilla en visitas posteriores al sitio web <a href=\"http:\/\/eurofootballcup.com\">http:\/\/eurofootballcup.com<\/a>.<\/p>\n<p>a utilizacion de Cookies por esta web seria\u00a0para mejorar y optimizar la experiencia del usuario. A continuaci\u00f3n encontrar\u00e1s informaci\u00f3n detallada sobre qu\u00e9 son las \u201cCookies\u201d, qu\u00e9 tipolog\u00eda utiliza este sitio web, c\u00f3mo puedes desactivarlas en tu navegador y c\u00f3mo bloquear espec\u00edficamente la instalaci\u00f3n de Cookies de terceros.<\/p>\n<p><strong>\u00bfQu\u00e9 son las Cookies y c\u00f3mo las utilizan los sitios web del CLIENTE?<\/strong><\/p>\n<p>Las Cookies son archivos que el sitio web o la aplicaci\u00f3n que utilizas instala en tu navegador o en tu dispositivo (Smartphone, tableta\u2026\u2026) durante tu recorrido por las p\u00e1ginas o por la aplicaci\u00f3n, y sirven para almacenar informaci\u00f3n sobre tu visita. Como la mayor\u00eda de los sitios en internet, los portales web del\u00a0<strong>CLIENTE\u00a0<\/strong>\u00a0utilizan Cookies para:<\/p>\n<ul>\n<li>Asegurar que las p\u00e1ginas web pueden funcionar correctamente<\/li>\n<li>Almacenar sus preferencias, como el idioma que has seleccionado o el tama\u00f1o de letra.<\/li>\n<li>Conocer tu experiencia de navegaci\u00f3n.<\/li>\n<li>Recopilar informaci\u00f3n estad\u00edstica an\u00f3nima, como qu\u00e9 p\u00e1ginas has visto o cu\u00e1nto tiempo has estado en nuestros medios.<\/li>\n<\/ul>\n<p>El uso de Cookies nos permite optimizar su navegaci\u00f3n, adaptando la informaci\u00f3n y los servicios ofrecidos a tus intereses, para proporcionarte una mejor experiencia siempre que nos visites. Los sitios web del\u00a0<strong>CLIENTE<\/strong>\u00a0utilizan Cookies para funcionar, adaptar y facilitar al m\u00e1ximo la navegaci\u00f3n del Usuario.<\/p>\n<p>Las Cookies se asocian \u00fanicamente a un usuario an\u00f3nimo y su ordenador\/dispositivo y no proporcionan referencias que permitan conocer datos personales. En todo momento podr\u00e1s acceder a la configuraci\u00f3n de tu navegador para modificar y\/o bloquear la instalaci\u00f3n de las Cookies enviadas por los sitios web del\u00a0<strong>CLIENTE<\/strong>, sin que ello impida al acceso a los contenidos. Sin embargo, la calidad del funcionamiento de los Servicios puede verse afectada.<\/p>\n<p>Los Usuarios que completen el proceso de registro o hayan iniciado sesi\u00f3n con sus datos de acceso podr\u00e1n acceder a servicios personalizados y adaptados a sus preferencias seg\u00fan la informaci\u00f3n personal suministrada en el momento del registro y la almacenada en la Cookie de su navegador.<\/p>\n<ul>\n<li>La cookies de autenticaci\u00f3n son por defecto cookies temporales (por sesiones) no persistentes, sin embargo, los usuarios pueden hacerla persistente marcando la casilla &#8220;Remember login&#8221; en el control de acceso. Para usuarios registrados.<\/li>\n<\/ul>\n<ul>\n<li>Las cookies de sesi\u00f3n, que se producen al loguearse tienen una duraci\u00f3n de 30 minutos desde \u00faltimo per\u00edodo de actividad. Para usuarios registrados.<\/li>\n<\/ul>\n<ul>\n<li>Se crea una cookie llamada &#8220;lenguaje&#8221; para almacenar el lenguaje &#8211; en una instalaci\u00f3n monoling\u00fces esto es simplemente el idioma por defecto del navegador, pero si el sitio es compatible con varios idiomas, entonces puede ser diferente seg\u00fan el idioma seleccionado. Para todo tipos de usuarios.<\/li>\n<\/ul>\n<p>TITULAR\u00a0\u00a0\u00a0\u00a0\u00a0\u00a0 NOMBRE DE LA COOKIE\u00a0\u00a0\u00a0\u00a0\u00a0\u00a0\u00a0\u00a0\u00a0\u00a0\u00a0\u00a0\u00a0\u00a0\u00a0\u00a0 FUNCI\u00d3N<\/p>\n<ul>\n<li><strong>\u00bfC\u00f3mo puedo configurar mis Cookies?<\/strong><\/li>\n<li>Al navegar y continuar en nuestro Sitio Web estar\u00e1 consintiendo el uso de las Cookies en las condiciones contenidas en la presente Pol\u00edtica de Cookies.\u00a0<strong>CLIENTE<\/strong>\u00a0proporciona acceso a esta Pol\u00edtica de Cookies en el momento del registro con el objetivo de que el usuario est\u00e9 informado, y sin perjuicio de que \u00e9ste pueda ejercer su derecho a bloquear, eliminar y rechazar el uso de Cookies en todo momento.<\/li>\n<li>En cualquier caso le informamos de que, dado que las Cookies no son necesarias para el uso de nuestro Sitio Web, puede bloquearlas o deshabilitarlas activando la configuraci\u00f3n de su navegador, que le permite rechazar la instalaci\u00f3n de todas las cookies o de algunas de ellas. La pr\u00e1ctica mayor\u00eda de los navegadores permiten advertir de la presencia de Cookies o rechazarlas autom\u00e1ticamente. Si las rechaza podr\u00e1 seguir usando nuestro Sitio Web, aunque el uso de algunos de sus servicios podr\u00e1 ser limitado y por tanto su experiencia en nuestro Sitio Web menos satisfactoria.<\/li>\n<\/ul>\n<p><strong>\u00bfC\u00f3mo puedo bloquear o permitir las cookies?<\/strong><\/p>\n<p>El usuario podr\u00e1 -en cualquier momento- elegir qu\u00e9 cookies quiere que funcionen en este sitio web mediante:<\/p>\n<ul>\n<li>la configuraci\u00f3n del\u00a0<strong>navegador<\/strong>; por ejemplo:\n<ul>\n<li><strong>Chrome<\/strong>, desde\u00a0<a href=\"http:\/\/support.google.com\/chrome\/bin\/answer.py?hl=es&amp;answer=95647\">http:\/\/support.google.com\/chrome\/bin\/answer.py?hl=es&amp;answer=95647<\/a><\/li>\n<li><strong>Explorer<\/strong>, desde\u00a0<a href=\"http:\/\/windows.microsoft.com\/es-es\/windows7\/how-to-manage-cookies-in-internet-explorer-9\">http:\/\/windows.microsoft.com\/es-es\/windows7\/how-to-manage-cookies-in-internet-explorer-9<\/a><\/li>\n<li><strong>Firefox<\/strong>, desde\u00a0<a href=\"http:\/\/support.mozilla.org\/es\/kb\/habilitar-y-deshabilitar-cookies-que-los-sitios-we\">http:\/\/support.mozilla.org\/es\/kb\/habilitar-y-deshabilitar-cookies-que-los-sitios-we<\/a><\/li>\n<li><strong>Safari<\/strong>, desde\u00a0<a href=\"http:\/\/support.apple.com\/kb\/ph5042\">http:\/\/support.apple.com\/kb\/ph5042<\/a><\/li>\n<\/ul>\n<\/li>\n<li>Existen herramientas de terceros, disponibles on line, que permiten a los usuarios detectar las cookies en cada sitio web que visita y gestionar su desactivaci\u00f3n.<\/li>\n<\/ul>\n<p>Esta informaci\u00f3n se denomina cookie y nos ofrece una serie de datos relacionados con el uso de la p\u00e1gina www.eusportevents.com, como el tiempo y el tiempo de conexi\u00f3n, que finalmente permitir\u00e1n introducir mejoras centradas en mejorar y aumentar la eficacia y Calidad de los servicios ofrecidos.<\/p>\n<p>Aquellos usuarios que no deseen introducir &#8220;cookies&#8221; en su computadora, o que sean notificados cuando se presenten, primero deben configurar su navegador para realizar esta funci\u00f3n.<\/p>\n<p>Las cookies son archivos que las p\u00e1ginas web pueden instalar en su dispositivo. El principal objetivo es facilitar la navegaci\u00f3n por parte del Usuario, pero tambi\u00e9n pueden recopilar otra informaci\u00f3n como, por ejemplo, para fines estad\u00edsticos, enlaces a redes sociales, preferencvias personales, etc.<br \/>\nMediante el uso de cookies, se mejora el rendimiento t\u00e9cnico de la web, adaptando la navegaci\u00f3n a las preferencias de los usuarios.<\/p>\n<p>Las cookies se clasifican en cookies de sesi\u00f3n o permanentes. Las primeras expiran cuando se cierra el navegador, mientras que las segundas expiran cuando ya han cumplido su funci\u00f3n o cuando se borran manualmente.<\/p>\n<p>Siguiendo las directrices de la Agencia Espa\u00f1ola de Protecci\u00f3n de Datos procedemos a detallar el uso de cookies que hace esta web con el fin de informarle con la m\u00e1xima exactitud posible.<br \/>\nAlmacenamos cookies para poder elaborar estad\u00edsticas sobre el tr\u00e1fico y volumen de visitas de esta web. Al utilizar este sitio web est\u00e1 consintiendo el tratamiento de informaci\u00f3n acerca de usted por Google. Por tanto, el ejercicio de cualquier derecho en este sentido deber\u00e1 hacerlo comunicando directamente con Google.<br \/>\nRedes sociales: Cada red social utiliza sus propias cookies para que usted pueda pinchar en botones del tipo Me gusta o Compartir.<br \/>\nDesactivaci\u00f3n o eliminaci\u00f3n de cookies:<br \/>\nEn cualquier momento podr\u00e1 ejercer su derecho de desactivaci\u00f3n o eliminaci\u00f3n de cookies de este sitio web. Estas acciones se realizan de forma diferente en funci\u00f3n del navegador que est\u00e9 usando.<\/p>\n<p>Notas adicionales<br \/>\nEs probable que utilizaremos cookies a traves de terceros. Worldtop Group Spain SLU no se hace responsable ni del contenido ni de la veracidad de las pol\u00edticas de privacidad que puedan tener los terceros mencionados en esta pol\u00edtica de cookies.<br \/>\nLos navegadores web son las herramientas encargadas de almacenar las cookies y desde este lugar debe efectuar su derecho a eliminaci\u00f3n o desactivaci\u00f3n de las mismas. Ni esta web ni sus representantes legales pueden garantizar la correcta o incorrecta manipulaci\u00f3n de las cookies por parte de los mencionados navegadores.<br \/>\nEn algunos casos es necesario instalar cookies para que el navegador no olvide su decisi\u00f3n de no aceptaci\u00f3n de las mismas.<br \/>\nEn el caso de las cookies de Google Analytics, esta empresa almacena las cookies en servidores ubicados en otro pais y se compromete a no compartirla con terceros, excepto en los casos en los que sea necesario para el funcionamiento del sistema o cuando la ley obligue a tal efecto.<br \/>\nTodos los navegadores permiten bloquear o eliminar las cookies si el Usuario as\u00ed lo prefiere<br \/>\nMAS EJEMPLOS DE COOKIES:<br \/>\nCOOKIES DE RENDIMIENTO<br \/>\nCOOKIES ANAL\u00cdTICAS<br \/>\nCOOKIES DE GEOLOCALIZACI\u00d3N<br \/>\nCOOKIES DE REGISTRO<br \/>\nCOOKIES DE PUBLICIDAD<br \/>\nCOOKIES DE TERCEROS<\/p>\n<p>Para cualquier duda o consulta acerca de esta pol\u00edtica de cookies no dude en comunicarse con nosotros enviando un email a la siguiente direccion: bcn@eusportevents.com o al:\u00a0office@eurofootballcup.com<\/p>\n<p><strong>Finalidades<\/strong><\/p>\n<p>Las finalidades de Worldtop Group Spain SLU son el mantenimiento y gesti\u00f3n de la relaci\u00f3n con el Usuario, as\u00ed como las labores de informaci\u00f3n.<\/p>\n<p><strong>Menor de edad<\/strong><\/p>\n<p>En el supuesto que algunos de nuestros servicios vayan dirigidos espec\u00edficamente a menores de edad, como lo son la toma de fotograf\u00edas e im\u00e1genes en eventos acordados, Worldtop Group Spain SLU solicitar\u00e1 la conformidad de los padres o tutores para la recogida de los datos personales o, en su caso, para el tratamiento automatizado de los datos.<\/p>\n<p><strong>Cesi\u00f3n de datos a terceros<\/strong><\/p>\n<p>Sus datos no ser\u00e1n transferidos, vendidos, alquilados o puestos a disposici\u00f3n de terceros, excepto a aquellos que prestan servicios a nuestra empresa, pero que en ning\u00fan caso procesar\u00e1n los datos para sus propios fines. Podemos procesar sus datos personales utilizando m\u00e9todos automatizados. Esto significa que ciertas decisiones se toman autom\u00e1ticamente sin intervenci\u00f3n humana.<\/p>\n<p><strong>Ejercicio de derechos de acceso, rectificaci\u00f3n, cancelaci\u00f3n y oposici\u00f3n<\/strong><\/p>\n<p>Podr\u00e1 dirigir sus comunicaciones y ejercitar los derechos de acceso, rectificaci\u00f3n, supresi\u00f3n, limitaci\u00f3n, portabilidad y oposici\u00f3n en la direcci\u00f3n de Internet a <a href=\"http:\/\/eurofootballcup.com\/es\/\">http:\/\/eurofootballcup.com\/es\/<\/a> dirigido al email: office@eurofootballcup.com o bien a la direccion de email: bcn@eusportevents.com dirigido a Worldtop Group Spain SLU, Ref. RGPD, en C\/ Arag\u00f3n 12-16, 3-1 Castelldefels, 08860, (notificaciones en Avda. 317, 41). Para ejercer dichos derechos es necesario que usted acredite su personalidad frente a Worldtop Group Spain SLU mediante el env\u00edo de fotocopia de Documento Nacional de Identidad o cualquier otro medio v\u00e1lido en Derecho. No obstante, la modificaci\u00f3n o rectificaci\u00f3n de sus datos de registro se podr\u00e1 realizar en el propio Site identific\u00e1ndose, previamente, con su usuario y contrase\u00f1a.<\/p>\n<p><strong>Medidas de seguridad<\/strong><\/p>\n<p>Worldtop Group Spain SLU \u00a0ha adoptado los niveles de seguridad de protecci\u00f3n de los Datos Personales legalmente requeridos, y procuran instalar aquellos otros medios y medidas t\u00e9cnicas adicionales a su alcance para evitar la p\u00e9rdida, mal uso, alteraci\u00f3n, acceso no autorizado y robo de los Datos Personales facilitados a Worldtop Group Spain SLU no ser\u00e1 responsable de posibles da\u00f1os o perjuicios que se pudieran derivar de interferencias, omisiones, interrupciones, virus inform\u00e1ticos, aver\u00edas telef\u00f3nicas o desconexiones en el funcionamiento operativo de este sistema electr\u00f3nico, motivadas por causas ajenas a Worldtop Group Spain SLU; de retrasos o bloqueos en el uso del presente sistema electr\u00f3nico causados por deficiencias o sobrecargas de l\u00edneas telef\u00f3nicas o sobrecargas en el Centro de Procesos de Datos, en el sistema de Internet o en otros sistemas electr\u00f3nicos, as\u00ed como de da\u00f1os que puedan ser causados por terceras personas mediante intromisiones ileg\u00edtimas fuera del control de Worldtop Group Spain SLU. Ello, no obstante, el Usuario debe ser consciente de que las medidas de seguridad en Internet no son inexpugnables.<\/p>\n<p><strong>Aceptaci\u00f3n y consentimiento<\/strong><\/p>\n<p>El usuario declara haber sido informado de las condiciones sobre protecci\u00f3n de datos personales, aceptando y consintiendo el tratamiento automatizado de los mismos por parte de Worldtop Group Spain SLU, en la forma y para las finalidades indicadas en la presente Pol\u00edtica de Protecci\u00f3n de Datos Personales. Ciertos servicios prestados en el Portal pueden contener condiciones particulares con previsiones espec\u00edficas en materia de protecci\u00f3n de Datos Personales.<\/p>\n<p>Los datos se procesar\u00e1n con el fin de gestionar nuestros eventos deportivos, por lo que procesaremos sus datos para gestionar su cuenta de usuario y brindaremos acceso a contenido y servicios\u00a0 para usuarios de eventos organizados por nosotros.<br \/>\nAl comunicarse con nuestros servicios o al responder a nuestros correos electr\u00f3nicos, el usuario acepta lo siguiente:<br \/>\n\u2022 Envio el bolet\u00edn de nuestros eventos que organizamos durante el a\u00f1o, que siempre ser\u00e1 personalizado y adaptado a sus intereses.<br \/>\n\u2022 Envio de informaci\u00f3n adicional y invitaciones a eventos, o productos como descuentos y promociones para nuestras actividades, eventos, etc.<\/p>\n<p>Tambi\u00e9n podemos crear un perfil analizando su comportamiento en la web, mostr\u00e1ndole los productos que puedan interesarle, seg\u00fan las preferencias que haya mostrado a trav\u00e9s de su navegaci\u00f3n, o la informaci\u00f3n obtenida a trav\u00e9s de las cookies.<\/p>\n<p>En cualquier caso, nos aseguraremos de que su procesamiento de datos est\u00e9 siempre protegido con las garant\u00edas adecuadas.<br \/>\nTodos los datos que nos proporcione se procesar\u00e1n de forma indefinida mientras contin\u00fae siendo nuestro cliente, en algunos casos durante un a\u00f1o y hasta 5 a\u00f1os desde la ultima inscripcion a alguno de nuestros eventos y en caso de participar en un torneo internacional puede llegar a 7 a\u00f1os o hasta que la tecnolog\u00eda disponible en este momento, considere que no lo tiene inter\u00e9s en seguir participando en nuestros eventos.<\/p>\n<p>3.La organizacion en ning\u00fan caso ser\u00e1 responsable de las circunstancias que seguidamente se relacionan, ni tampoco de los da\u00f1os que se puedan derivar, ya que ni puede ni debe garantizarlas que son posibles errores de seguridad que se pudieran producir por el hecho de utilizar ordenadores infectados por virus o uso inadecuado por parte de terceros de infracciones de los derechos de propiedad industrial e intelectual,\u00a0 incumplimientos que pueden afectar a los usuarios de la web y consecuencias derivadas del mal funcionamiento del navegador o por uso de versiones no actualizadas de \u00e9ste y tambien la organizacion no sera responsable por cualquier virus que puede afectar a nuestra sistema.<\/p>\n<p>No garantizamos la inexistencia de interrupciones o errores en el acceso de los usuarios a la web y su contenido, o de cualquier elemento\/s que puedan producir alteraciones en el sistema inform\u00e1tico de terceros. Desde la organizacion haremos todo lo necesario para restablecer las comunicaciones y corregir los errores que podemos tener, tan pronto como tengamos la noticia y de falta de cualquier actualizaci\u00f3n en nuestros contenidos que publicamos en la web de la organizaci\u00f3n y redes sociales. Tampoco hacemos responsables de cualquier perjuicio que se puedan derivar en el funcionamiento operativo de la web y tambi\u00e9n de nuestro sistema electr\u00f3nico o en los equipos inform\u00e1ticos de los usuarios y cualquier otra entidad, empresa o persona o causa ajena a nuestra organizaci\u00f3n.<\/p>\n<p>Tampoco somos responsables del incumplimiento de las condiciones de este aviso legal por parte de los usuarios y del uso de los servicios y los contenidos accesibles desde el portal. Los da\u00f1os y perjuicios que pueda causar el\u00a0 personal de un tercero efectuada por un usuario en cualquier comunicaci\u00f3n realizada a trav\u00e9s del portal ser\u00e1 responsabilidad de quien lo haya efectuado, ya que la organizaci\u00f3n del torneo no puede controlar la autenticidad de los contenidos y informaciones de terceros.<\/p>\n<p>4.En cumplimiento de la Ley Org\u00e1nica 15\/1999, de 13 de diciembre, de Protecci\u00f3n de Datos Personales,\u00a0le informamos que al completar cualquier formulario enviado por nosotros, nos da su consentimiento para que el padre del menor de edad que participa en eventos deportivos organizados por nosotros acepte el uso de sus datos personales y los de su hijo o tutor, nos da su consentimiento para que sus datos personales y los de su hijo o tutor legal se incorporen y traten a un Archivo de datos personales, propiedad de Euro Football Cup (Worldtop Group Spain SLU, NIF: B67007914) que garantiza su seguridad y confidencialidad, y tambi\u00e9n la publicidad de fotos y datos necesarios para la gesti\u00f3n del evento en la web oficial del torneo, redes sociales o folletos publicitarios con el fin de la prestaci\u00f3n y comercializaci\u00f3n de nuestros servicios, raz\u00f3n por la cual es necesario rellenar todos los campos de los formularios enviados por nosotros, entendiendo que la informaci\u00f3n proporcionada debe sea verdadero y actualizado, por lo que le avisaremos de cualquier cambio.<\/p>\n<p>5.Le informamos que puede ejercer sus derechos de acceso, rectificaci\u00f3n, eliminaci\u00f3n, oposici\u00f3n, limitaci\u00f3n o portabilidad mediante una comunicaci\u00f3n escrita dirigida a: bcn@eusportevents.com o: office@eurofootballcup.com y luego por tel\u00e9fono a: +34622652220 para asegurarnos de que recibimos su email correctamente.<\/p>\n","protected":false},"excerpt":{"rendered":"<p>Pol\u00edtica de privacidad, nota legal y protecci\u00f3n de datos de [&hellip;]<\/p>\n","protected":false},"author":1,"featured_media":0,"parent":0,"menu_order":0,"comment_status":"closed","ping_status":"closed","template":"","meta":{"footnotes":""},"_links":{"self":[{"href":"https:\/\/eurofootballcup.com\/es\/wp-json\/wp\/v2\/pages\/1902\/"}],"collection":[{"href":"https:\/\/eurofootballcup.com\/es\/wp-json\/wp\/v2\/pages\/"}],"about":[{"href":"https:\/\/eurofootballcup.com\/es\/wp-json\/wp\/v2\/types\/page\/"}],"author":[{"embeddable":true,"href":"https:\/\/eurofootballcup.com\/es\/wp-json\/wp\/v2\/users\/1\/"}],"replies":[{"embeddable":true,"href":"https:\/\/eurofootballcup.com\/es\/wp-json\/wp\/v2\/comments\/?post=1902"}],"version-history":[{"count":2,"href":"https:\/\/eurofootballcup.com\/es\/wp-json\/wp\/v2\/pages\/1902\/revisions\/"}],"predecessor-version":[{"id":1904,"href":"https:\/\/eurofootballcup.com\/es\/wp-json\/wp\/v2\/pages\/1902\/revisions\/1904\/"}],"wp:attachment":[{"href":"https:\/\/eurofootballcup.com\/es\/wp-json\/wp\/v2\/media\/?parent=1902"}],"curies":[{"name":"wp","href":"https:\/\/api.w.org\/{rel}","templated":true}]}}