{"id":1716,"date":"2018-10-15T18:01:30","date_gmt":"2018-10-15T18:01:30","guid":{"rendered":"http:\/\/eurofootballcup.com\/contacto\/"},"modified":"2020-10-25T12:22:24","modified_gmt":"2020-10-25T12:22:24","slug":"contacto","status":"publish","type":"page","link":"https:\/\/eurofootballcup.com\/es\/contacto\/","title":{"rendered":"Contacto"},"content":{"rendered":"<div class=\"fusion-fullwidth fullwidth-box nonhundred-percent-fullwidth non-hundred-percent-height-scrolling\"  style='background-color: #f7f7f7;background-position: center center;background-repeat: no-repeat;padding-top:120px;padding-right:0px;padding-bottom:80px;padding-left:0px;'><div class=\"fusion-builder-row fusion-row \"><div  class=\"fusion-layout-column fusion_builder_column fusion_builder_column_1_2  fusion-one-half fusion-column-first 1_2\"  style='margin-top:2%;margin-bottom:2%;width:50%;width:calc(50% - ( ( 6% ) * 0.5 ) );margin-right: 6%;'>\n\t\t\t\t\t<div class=\"fusion-column-wrapper\" style=\"padding: 0px 0px 0px 0px;background-position:left top;background-repeat:no-repeat;-webkit-background-size:cover;-moz-background-size:cover;-o-background-size:cover;background-size:cover;\"  data-bg-url=\"\">\n\t\t\t\t\t\t<div class=\"fusion-text\"><h2>Formulario de contacto<\/h2>\n<\/div><div class=\"fusion-text\"><p style=\"font-size: 22px; line-height: 32px; font-weight: 300;\">\u00bfQuieres participar en el torneo o tienes alguna pregunta? Escr\u00edbenos AHORA!<\/p>\n<\/div><div class=\"fusion-sep-clear\"><\/div><div class=\"fusion-separator fusion-full-width-sep sep-none\" style=\"margin-left: auto;margin-right: auto;margin-top:30px;\"><\/div><div role=\"form\" class=\"wpcf7\" id=\"wpcf7-f1767-o1\" lang=\"en-US\" dir=\"ltr\">\n<div class=\"screen-reader-response\"><\/div>\n<form action=\"\/es\/wp-json\/wp\/v2\/pages\/1716\/#wpcf7-f1767-o1\" method=\"post\" class=\"wpcf7-form\" novalidate=\"novalidate\">\n<div style=\"display: none;\">\n<input type=\"hidden\" name=\"_wpcf7\" value=\"1767\" \/>\n<input type=\"hidden\" name=\"_wpcf7_version\" value=\"5.1.1\" \/>\n<input type=\"hidden\" name=\"_wpcf7_locale\" value=\"en_US\" \/>\n<input type=\"hidden\" name=\"_wpcf7_unit_tag\" value=\"wpcf7-f1767-o1\" \/>\n<input type=\"hidden\" name=\"_wpcf7_container_post\" value=\"0\" \/>\n<input type=\"hidden\" name=\"g-recaptcha-response\" value=\"\" \/>\n<\/div>\n<p><label> Nombre (required)<br \/>\n    <span class=\"wpcf7-form-control-wrap your-name\"><input type=\"text\" name=\"your-name\" value=\"\" size=\"40\" class=\"wpcf7-form-control wpcf7-text wpcf7-validates-as-required\" aria-required=\"true\" aria-invalid=\"false\" \/><\/span> <\/label><\/p>\n<p><label> Email (required)<br \/>\n    <span class=\"wpcf7-form-control-wrap your-email\"><input type=\"email\" name=\"your-email\" value=\"\" size=\"40\" class=\"wpcf7-form-control wpcf7-text wpcf7-email wpcf7-validates-as-required wpcf7-validates-as-email\" aria-required=\"true\" aria-invalid=\"false\" \/><\/span> <\/label><\/p>\n<p><label> Tel\u00e9fono (required)<br \/>\n    <span class=\"wpcf7-form-control-wrap tel-535\"><input type=\"tel\" name=\"tel-535\" value=\"\" size=\"40\" class=\"wpcf7-form-control wpcf7-text wpcf7-tel wpcf7-validates-as-required wpcf7-validates-as-tel\" aria-required=\"true\" aria-invalid=\"false\" \/><\/span> <\/label><\/p>\n<p><label> Tu mensaje<br \/>\n    <span class=\"wpcf7-form-control-wrap your-message\"><textarea name=\"your-message\" cols=\"40\" rows=\"10\" class=\"wpcf7-form-control wpcf7-textarea\" aria-invalid=\"false\"><\/textarea><\/span> <\/label><\/p>\n<p><label><span class=\"wpcf7-form-control-wrap acceptance-16\"><span class=\"wpcf7-form-control wpcf7-acceptance\"><span class=\"wpcf7-list-item\"><label><input type=\"checkbox\" name=\"acceptance-16\" value=\"1\" aria-invalid=\"false\" \/><span class=\"wpcf7-list-item-label\">Estoy de acuerdo con la pol\u00edtica de privacidad de Euro Footbal Cup. <br><br>En cumplimiento de la Ley Org\u00e1nica 15\/1999, de 13 de diciembre, de Protecci\u00f3n de Datos Personales, le informamos que al completar este formulario, nos da su consentimiento para que sus datos personales y los de su hijo o tutor legal se incorporen y traten a un Archivo de datos personales, propiedad de European Sport Events que garantiza su seguridad y confidencialidad, con el fin de la prestaci\u00f3n y comercializaci\u00f3n de nuestros servicios, raz\u00f3n por la cual es necesario rellenar todos los campos de este formulario, entendiendo que la informaci\u00f3n proporcionada debe sea verdadero y actualizado, por lo que le avisaremos de cualquier cambio. Le informamos que puede ejercer sus derechos de acceso, rectificaci\u00f3n, cancelaci\u00f3n y oposici\u00f3n en cualquier momento si nos lo indica.<\/br><\/br><\/span><\/label><\/span><\/span><\/span><label><\/p>\n<p><label><input type=\"submit\" value=\"Enviar\" class=\"wpcf7-form-control wpcf7-submit\" \/> <\/label><\/p>\n<div class=\"fusion-alert alert custom alert-custom fusion-alert-center fusion-alert-capitalize alert-dismissable wpcf7-response-output wpcf7-display-none\" style=\"background-color:;color:;border-color:;border-width:1px;\"><button style=\"color:;border-color:;\" type=\"button\" class=\"close toggle-alert\" data-dismiss=\"alert\" aria-hidden=\"true\">&times;<\/button><div class=\"fusion-alert-content-wrapper\"><span class=\"fusion-alert-content\"><\/span><\/div><\/div><\/form><\/div><div class=\"fusion-clearfix\"><\/div>\n\n\t\t\t\t\t<\/div>\n\t\t\t\t<\/div><div  class=\"fusion-layout-column fusion_builder_column fusion_builder_column_1_2  fusion-one-half fusion-column-last fusion-column-no-min-height 1_2\"  style='margin-top:2%;margin-bottom:2%;width:50%;width:calc(50% - ( ( 6% ) * 0.5 ) );'>\n\t\t\t\t\t<div class=\"fusion-column-wrapper\" style=\"padding: 0px 0px 0px 0px;background-position:left top;background-repeat:no-repeat;-webkit-background-size:cover;-moz-background-size:cover;-o-background-size:cover;background-size:cover;\"  data-bg-url=\"\">\n\t\t\t\t\t\t<div class=\"fusion-text\"><h2>Datos de contacto<\/h2>\n<\/div><div class=\"fusion-text\"><p style=\"font-size: 22px; line-height: 32px; font-weight: 300;\">Por favor cont\u00e1ctenos, si tiene alguna consulta.<\/p>\n<\/div><div class=\"fusion-sep-clear\"><\/div><div class=\"fusion-separator fusion-full-width-sep sep-none\" style=\"margin-left: auto;margin-right: auto;margin-top:30px;\"><\/div><ul class=\"fusion-checklist fusion-checklist-1\" style=\"font-size:16px;line-height:27.2px;\"><li class=\"fusion-li-item\"><span style=\"height:27.2px;width:27.2px;margin-right:11.2px;\" class=\"icon-wrapper circle-no\"><i class=\"fusion-li-icon fa-home fas\" style=\"color:#88929d;\"><\/i><\/span><div class=\"fusion-li-item-content\" style=\"margin-left:38.4px;\">Carrer de Fluvi\u00e0 S\/N<br \/>\n08020 Barcelona (Spain)<\/div><\/li><li class=\"fusion-li-item\"><span style=\"height:27.2px;width:27.2px;margin-right:11.2px;\" class=\"icon-wrapper circle-no\"><i class=\"fusion-li-icon fa-phone fas\" style=\"color:#88929d;\"><\/i><\/span><div class=\"fusion-li-item-content\" style=\"margin-left:38.4px;\">Tel\u00e9fono: +34 622 652 220<\/div><\/li><li class=\"fusion-li-item\"><span style=\"height:27.2px;width:27.2px;margin-right:11.2px;\" class=\"icon-wrapper circle-no\"><i class=\"fusion-li-icon fa-envelope far\" style=\"color:#88929d;\"><\/i><\/span><div class=\"fusion-li-item-content\" style=\"margin-left:38.4px;\"><a href=\"mailto:bcn@eusportevents.com\">bcn@eusportevents.com<\/a><\/div><\/li><\/ul><div class=\"fusion-clearfix\"><\/div>\n\n\t\t\t\t\t<\/div>\n\t\t\t\t<\/div><\/div><\/div>\n","protected":false},"excerpt":{"rendered":"","protected":false},"author":1,"featured_media":0,"parent":0,"menu_order":0,"comment_status":"closed","ping_status":"closed","template":"100-width.php","meta":{"footnotes":""},"_links":{"self":[{"href":"https:\/\/eurofootballcup.com\/es\/wp-json\/wp\/v2\/pages\/1716\/"}],"collection":[{"href":"https:\/\/eurofootballcup.com\/es\/wp-json\/wp\/v2\/pages\/"}],"about":[{"href":"https:\/\/eurofootballcup.com\/es\/wp-json\/wp\/v2\/types\/page\/"}],"author":[{"embeddable":true,"href":"https:\/\/eurofootballcup.com\/es\/wp-json\/wp\/v2\/users\/1\/"}],"replies":[{"embeddable":true,"href":"https:\/\/eurofootballcup.com\/es\/wp-json\/wp\/v2\/comments\/?post=1716"}],"version-history":[{"count":9,"href":"https:\/\/eurofootballcup.com\/es\/wp-json\/wp\/v2\/pages\/1716\/revisions\/"}],"predecessor-version":[{"id":1950,"href":"https:\/\/eurofootballcup.com\/es\/wp-json\/wp\/v2\/pages\/1716\/revisions\/1950\/"}],"wp:attachment":[{"href":"https:\/\/eurofootballcup.com\/es\/wp-json\/wp\/v2\/media\/?parent=1716"}],"curies":[{"name":"wp","href":"https:\/\/api.w.org\/{rel}","templated":true}]}}