{"id":1710,"date":"2018-10-15T18:00:05","date_gmt":"2018-10-15T18:00:05","guid":{"rendered":"http:\/\/eurofootballcup.com\/registration\/"},"modified":"2023-08-31T12:37:41","modified_gmt":"2023-08-31T12:37:41","slug":"inscripcion","status":"publish","type":"page","link":"https:\/\/eurofootballcup.com\/es\/inscripcion\/","title":{"rendered":"Inscripci\u00f3n"},"content":{"rendered":"<p><div class=\"fusion-fullwidth fullwidth-box nonhundred-percent-fullwidth non-hundred-percent-height-scrolling\"  style='background-color: rgba(255,255,255,0);background-position: center center;background-repeat: no-repeat;padding-top:120px;padding-right:0px;padding-bottom:70px;padding-left:0px;'><div class=\"fusion-builder-row fusion-row \"><div  class=\"fusion-layout-column fusion_builder_column fusion_builder_column_1_1  fusion-one-full fusion-column-first fusion-column-last 1_1\"  style='margin-top:0px;margin-bottom:20px;'>\n\t\t\t\t\t<div class=\"fusion-column-wrapper\" style=\"padding: 0px 0px 0px 0px;background-position:left top;background-repeat:no-repeat;-webkit-background-size:cover;-moz-background-size:cover;-o-background-size:cover;background-size:cover;\"  data-bg-url=\"\">\n\t\t\t\t\t\t<div class=\"fusion-text\"><h2 style=\"text-align: center;\">Bienvenido al Euro Football Cup!<\/h2>\n<\/div><div class=\"fusion-text\"><h5 style=\"text-align: center;\">Si tiene alguna pregunta o duda sobre la inscripcion por favor cont\u00e1ctenos.<\/h5>\n<h5 style=\"text-align: center;\">Los equipos deben completar el formulario de inscripcion. Una vez que se haya hecho, la organizaci\u00f3n se pondr\u00e1 en contacto con la persona encargada apuntada en el formulario de cada equipo para informarle sobre todos los pasos a seguir.<\/h5>\n<\/div><div class=\"fusion-sep-clear\"><\/div><div class=\"fusion-separator fusion-full-width-sep sep-none\" style=\"margin-left: auto;margin-right: auto;margin-top:120px;\"><\/div><div class=\"fusion-builder-row fusion-builder-row-inner fusion-row \"><div  class=\"fusion-layout-column fusion_builder_column fusion_builder_column_1_2  fusion-one-half fusion-column-first 1_2\"  style='margin-top: 0px;margin-bottom: 20px;width:50%;width:calc(50% - ( ( 4% ) * 0.5 ) );margin-right:4%;'><div class=\"fusion-column-wrapper\" style=\"padding: 0px 0px 0px 0px;background-image: url('http:\/\/eurofootballcup.com\/wp-content\/uploads\/2018\/10\/Euro-Football-Cup-08.jpg');background-position:left top;background-repeat:no-repeat;-webkit-background-size:cover;-moz-background-size:cover;-o-background-size:cover;background-size:cover;\"  data-bg-url=\"http:\/\/eurofootballcup.com\/wp-content\/uploads\/2018\/10\/Euro-Football-Cup-08.jpg\"><\/div><\/div><div  class=\"fusion-layout-column fusion_builder_column fusion_builder_column_1_2  fusion-one-half fusion-column-last 1_2\"  style='margin-top: 0px;margin-bottom: 20px;width:50%;width:calc(50% - ( ( 4% ) * 0.5 ) );'><div class=\"fusion-column-wrapper\" style=\"padding: 0px 0px 0px 0px;background-position:left top;background-repeat:no-repeat;-webkit-background-size:cover;-moz-background-size:cover;-o-background-size:cover;background-size:cover;\"  data-bg-url=\"\"><div class=\"fusion-text\"><p><strong>El precio incluye<\/strong><\/p>\n<ul>\n<li>Precio: 279\u20ac por jugador en regimen de pensi\u00f3n completa (habitaciones\u00a0 triples y cu\u00e1druples). <em>Oferta especial para inscripci\u00f3n anticipada.<\/em><\/li>\n<li>Oferta para familias y staff tecnico: 239\u20ac por persona en regimen de pensi\u00f3n completa (habitaci\u00f3n cu\u00e1druple doble, triple o espaciosa). <em>Oferta especial para inscripci\u00f3n anticipada.<\/em><\/li>\n<li>Estancia: 3 noches en pensi\u00f3n completa del 6.4.2023 al 9.4.2023 (comidas y cenas tipo buffet libre)<\/li>\n<li>Ofertas especiales: previa consulta<\/li>\n<li>M\u00ednimo de 4 partidos<\/li>\n<li>\u00c1rbitros oficiales<\/li>\n<li>Regalo de torneo<\/li>\n<li>Trofeos para los primeros clasificados<\/li>\n<\/ul>\n<\/div><div class=\"fusion-sep-clear\"><\/div><div class=\"fusion-separator fusion-full-width-sep sep-none\" style=\"margin-left: auto;margin-right: auto;margin-top:;\"><\/div><div class=\"fusion-text\"><p><strong>El precio no incluye<\/strong><\/p>\n<ul>\n<li>Noche extra: 79 \u20ac por persona (pensi\u00f3n completa)<\/li>\n<li>Transfer de vuelta desde el aeropuerto de barcelona: 35\u20ac por persona<\/li>\n<li>Visita panor\u00e1mica de la ciudad de Barcelona (4 horas): 25\u20ac por persona<\/li>\n<li>Opci\u00f3n del tour: Camp Nou: 25\u20ac por persona<\/li>\n<li>Los servicios de transporte pueden ser compartidos por uno o m\u00e1s equipos. <em>(Cada participante debe tener un seguro para deportistas . La organizaci\u00f3n no es responsable por da\u00f1os o lesiones durante o en relaci\u00f3n con el evento)<\/em><\/li>\n<\/ul>\n<\/div><\/div><\/div><\/div><div class=\"fusion-text\"><p><strong>\u00bfCu\u00e1ndo es el plazo de inscripci\u00f3n?<br \/>\n<\/strong>\u00daltima fecha de inscripci\u00f3n: <strong>20\/02\/2024<\/strong><br \/>\nFecha l\u00edmite para el pago del torneo: <strong>01\/03\/2024<\/strong><br \/>\nFecha l\u00edmite para enviar la lista de jugadores para todos los equipos.: <strong>25\/02\/2024<\/strong><br \/>\nFecha l\u00edmite para enviar la lista de habitaciones para todos los equipos con paquete de alojamiento.: <strong>25\/02\/2024<\/strong><\/p>\n<p>Tenga en cuenta que la mayor\u00eda de las categor\u00edas se completan antes de la fecha l\u00edmite, as\u00ed que escr\u00edbanse y confirme tan pronto como sea posible. La inscripci\u00f3n por equipo se certificar\u00e1 oficialmente una vez que se haya pagado el 30% (como tarifa de inscripci\u00f3n por equipo) que se deducir\u00e1 del pago total y el 70% restante se debe pagar antes del 1 de marzo.<\/p>\n<p>Les recordamos a los equipos que las plazas son limitadas y que la \u00fanica forma de garantizar la inscripci\u00f3n es realizar el primer pago en el per\u00edodo marcado anteriormente. La organizaci\u00f3n no garantiza el alojamiento y la participaci\u00f3n de los equipos que no cumplan con los plazos y ser\u00e1n excluidos del torneo, perdiendo la cuota de inscripci\u00f3n.<\/p>\n<p><strong>\u00bfC\u00f3mo inscribimos a nuestro equipo?<\/strong><br \/>\nPara inscribir su equipo para el torneo, por favor llene el formulario de inscripci\u00f3n. Despu\u00e9s de enviar el formulario, recibir\u00e1s las instrucciones sobre c\u00f3mo realizar el primer pago. Las instrucciones ser\u00e1n enviadas a su correo electr\u00f3nico.<\/p>\n<\/div><div class=\"fusion-sep-clear\"><\/div><div class=\"fusion-separator fusion-full-width-sep sep-none\" style=\"margin-left: auto;margin-right: auto;margin-top:120px;\"><\/div><div class=\"fusion-text\"><p><strong>Programa Euro Football Cup<\/strong><\/p>\n<p><strong>D\u00eda 19\/4<\/strong> Llegada al Hotel. Check in y entrega de las llaves de las habitaciones. En horario de tarde comenzamos los partidos de la fase de grupos.<\/p>\n<p><strong>D\u00eda 20\/4<\/strong> Partidos de la fase de grupos<br \/>\n<strong>D\u00eda 21\/4<\/strong> Partidos de la fase final<br \/>\n<strong>D\u00eda 21\/4<\/strong> Salida de los equipos alojados en los hoteles<\/p>\n<\/div><div class=\"fusion-clearfix\"><\/div>\n\n\t\t\t\t\t<\/div>\n\t\t\t\t<\/div><\/div><\/div><div class=\"fusion-fullwidth fullwidth-box fusion-parallax-none nonhundred-percent-fullwidth non-hundred-percent-height-scrolling\"  style='background-color: rgba(255,255,255,0);background-image: url(\"http:\/\/eurofootballcup.com\/wp-content\/uploads\/2018\/10\/Registration-Euro-Football-Cup.jpg\");background-position: center center;background-repeat: no-repeat;padding-top:7%;padding-right:0px;padding-bottom:7%;padding-left:0px;-webkit-background-size:cover;-moz-background-size:cover;-o-background-size:cover;background-size:cover;'><div class=\"fusion-builder-row fusion-row \"><div  class=\"fusion-layout-column fusion_builder_column fusion_builder_column_1_1  fusion-one-full fusion-column-first fusion-column-last 1_1\"  style='margin-top:0px;margin-bottom:20px;'>\n\t\t\t\t\t<div class=\"fusion-column-wrapper\" style=\"padding: 0px 0px 0px 0px;background-position:left top;background-repeat:no-repeat;-webkit-background-size:cover;-moz-background-size:cover;-o-background-size:cover;background-size:cover;\"  data-bg-url=\"\">\n\t\t\t\t\t\t<div class=\"fusion-text\"><h2><span style=\"color: #ffffff;\">Euro Football Cup es uno de los mejores torneos internacionales en las categor\u00edas de formaci\u00f3n<\/span><\/h2>\n<\/div><div class=\"fusion-clearfix\"><\/div>\n\n\t\t\t\t\t<\/div>\n\t\t\t\t<\/div><\/div><\/div><div class=\"fusion-fullwidth fullwidth-box nonhundred-percent-fullwidth non-hundred-percent-height-scrolling\"  style='background-color: rgba(255,255,255,0);background-position: center center;background-repeat: no-repeat;padding-top:0px;padding-right:0px;padding-bottom:0px;padding-left:0px;'><div class=\"fusion-builder-row fusion-row \"><div  class=\"fusion-layout-column fusion_builder_column fusion_builder_column_1_1  fusion-one-full fusion-column-first fusion-column-last 1_1\"  style='margin-top:0px;margin-bottom:20px;'>\n\t\t\t\t\t<div class=\"fusion-column-wrapper\" style=\"padding: 0px 0px 0px 0px;background-position:left top;background-repeat:no-repeat;-webkit-background-size:cover;-moz-background-size:cover;-o-background-size:cover;background-size:cover;\"  data-bg-url=\"\">\n\t\t\t\t\t\t<div class=\"fusion-text\"><h5 style=\"text-align: center;\">Formulario de inscripci\u00f3n<\/h5>\n<\/div><div role=\"form\" class=\"wpcf7\" id=\"wpcf7-f1773-o1\" lang=\"en-US\" dir=\"ltr\">\n<div class=\"screen-reader-response\"><\/div>\n<form action=\"\/es\/wp-json\/wp\/v2\/pages\/1710\/#wpcf7-f1773-o1\" method=\"post\" class=\"wpcf7-form\" novalidate=\"novalidate\">\n<div style=\"display: none;\">\n<input type=\"hidden\" name=\"_wpcf7\" value=\"1773\" \/>\n<input type=\"hidden\" name=\"_wpcf7_version\" value=\"5.1.1\" \/>\n<input type=\"hidden\" name=\"_wpcf7_locale\" value=\"en_US\" \/>\n<input type=\"hidden\" name=\"_wpcf7_unit_tag\" value=\"wpcf7-f1773-o1\" \/>\n<input type=\"hidden\" name=\"_wpcf7_container_post\" value=\"0\" \/>\n<input type=\"hidden\" name=\"g-recaptcha-response\" value=\"\" \/>\n<\/div>\n<p><label><span class=\"wpcf7-form-control-wrap Nombreequipo\"><input type=\"text\" name=\"Nombreequipo\" value=\"\" size=\"40\" class=\"wpcf7-form-control wpcf7-text wpcf7-validates-as-required\" aria-required=\"true\" aria-invalid=\"false\" placeholder=\"NOMBRE DEL EQUIPO\" \/><\/span> <\/label><\/p>\n<p><label><span class=\"wpcf7-form-control-wrap Personadecontacto\"><input type=\"text\" name=\"Personadecontacto\" value=\"\" size=\"40\" class=\"wpcf7-form-control wpcf7-text wpcf7-validates-as-required\" aria-required=\"true\" aria-invalid=\"false\" placeholder=\"PERSONA DE CONTACTO\" \/><\/span> <\/label><\/p>\n<p><label><span class=\"wpcf7-form-control-wrap Cargoenelclub\"><input type=\"text\" name=\"Cargoenelclub\" value=\"\" size=\"40\" class=\"wpcf7-form-control wpcf7-text wpcf7-validates-as-required\" aria-required=\"true\" aria-invalid=\"false\" placeholder=\"CARGO EN EL CLUB\" \/><\/span> <\/label><\/p>\n<p><label><span class=\"wpcf7-form-control-wrap email\"><input type=\"email\" name=\"email\" value=\"\" size=\"40\" class=\"wpcf7-form-control wpcf7-text wpcf7-email wpcf7-validates-as-required wpcf7-validates-as-email\" aria-required=\"true\" aria-invalid=\"false\" placeholder=\"EMAIL\" \/><\/span> <\/label><\/p>\n<p><label><span class=\"wpcf7-form-control-wrap tel\"><input type=\"tel\" name=\"tel\" value=\"\" size=\"40\" class=\"wpcf7-form-control wpcf7-text wpcf7-tel wpcf7-validates-as-required wpcf7-validates-as-tel\" aria-required=\"true\" aria-invalid=\"false\" placeholder=\"TEL\u00c9FONO\" \/><\/span> <\/label><\/p>\n<p><label> <\/label><\/p>\n<p><label><span class=\"wpcf7-form-control-wrap Codigopostal\"><input type=\"text\" name=\"Codigopostal\" value=\"C\u00d3DIGO POSTAL\" size=\"40\" class=\"wpcf7-form-control wpcf7-text wpcf7-validates-as-required\" aria-required=\"true\" aria-invalid=\"false\" \/><\/span> <\/label><\/p>\n<p><label><span class=\"wpcf7-form-control-wrap Ciudad\"><input type=\"text\" name=\"Ciudad\" value=\"\" size=\"40\" class=\"wpcf7-form-control wpcf7-text wpcf7-validates-as-required\" aria-required=\"true\" aria-invalid=\"false\" placeholder=\"CIUDAD\" \/><\/span> <\/label><\/p>\n<p><label><span class=\"wpcf7-form-control-wrap Provincia\"><input type=\"text\" name=\"Provincia\" value=\"\" size=\"40\" class=\"wpcf7-form-control wpcf7-text wpcf7-validates-as-required\" aria-required=\"true\" aria-invalid=\"false\" placeholder=\"PROVINCIA\" \/><\/span> <\/label><\/p>\n<p><label><span class=\"wpcf7-form-control-wrap Pais\"><input type=\"text\" name=\"Pais\" value=\"\" size=\"40\" class=\"wpcf7-form-control wpcf7-text wpcf7-validates-as-required\" aria-required=\"true\" aria-invalid=\"false\" placeholder=\"PA\u00cdS\" \/><\/span> <\/label><\/p>\n<p><label> Categor\u00eda (required)<\/p>\n<p><label><span class=\"wpcf7-form-control-wrap Categorias\"><select name=\"Categorias\" class=\"wpcf7-form-control wpcf7-select wpcf7-validates-as-required\" aria-required=\"true\" aria-invalid=\"false\"><option value=\"U12\/13\">U12\/13<\/option><option value=\"U14\/15\">U14\/15<\/option><\/select><\/span> <\/label><\/p>\n<p><label><span class=\"wpcf7-form-control-wrap Numerodeparticipantes\"><input type=\"text\" name=\"Numerodeparticipantes\" value=\"\" size=\"40\" class=\"wpcf7-form-control wpcf7-text wpcf7-validates-as-required\" aria-required=\"true\" aria-invalid=\"false\" placeholder=\"N\u00daMERO DE PARTICIPANTES\" \/><\/span> <\/label><\/p>\n<p><label><span class=\"wpcf7-form-control-wrap acceptance-16\"><span class=\"wpcf7-form-control wpcf7-acceptance optional\"><span class=\"wpcf7-list-item\"><label><input type=\"checkbox\" name=\"acceptance-16\" value=\"1\" aria-invalid=\"false\" \/><span class=\"wpcf7-list-item-label\">Estoy de acuerdo con la pol\u00edtica de privacidad de Euro Football Cup. <br>En cumplimiento de la Ley Org\u00e1nica 15\/1999, de 13 de diciembre, de Protecci\u00f3n de Datos Personales, le informamos que al completar este formulario, nos da su consentimiento para que sus datos personales y los de su hijo o tutor legal se incorporen y traten a un Archivo de datos personales, propiedad de European Sport Events que garantiza su seguridad y confidencialidad, con el fin de la prestaci\u00f3n y comercializaci\u00f3n de nuestros servicios, raz\u00f3n por la cual es necesario rellenar todos los campos de este formulario, entendiendo que la informaci\u00f3n proporcionada debe sea verdadero y actualizado, por lo que le avisaremos de cualquier cambio. Le informamos que puede ejercer sus derechos de acceso, rectificaci\u00f3n, cancelaci\u00f3n y oposici\u00f3n en cualquier momento si nos lo comunica.<\/br><\/span><\/label><\/span><\/span><\/span> <\/label><\/p>\n<p><label><span class=\"wpcf7-form-control-wrap acceptance-17\"><span class=\"wpcf7-form-control wpcf7-acceptance optional\"><span class=\"wpcf7-list-item\"><label><input type=\"checkbox\" name=\"acceptance-17\" value=\"1\" aria-invalid=\"false\" \/><span class=\"wpcf7-list-item-label\">Acepto que las im\u00e1genes del tomadas durante Euro Football Cup pueden aparecer en los sitios web y redes sociales vinculadas a eventos deportivos europeos, as\u00ed como en material impreso con el objetivo de difundir e ilustrar la actividad. En ning\u00fan caso ser\u00e1n asignados a terceros o se utilizar\u00e1n por cualquier otro motivo.<\/span><\/label><\/span><\/span><\/span> <\/label><\/p>\n<p><label><input type=\"submit\" value=\"Enviar\" class=\"wpcf7-form-control wpcf7-submit\" \/> <\/label><\/p>\n<div class=\"fusion-alert alert custom alert-custom fusion-alert-center fusion-alert-capitalize alert-dismissable wpcf7-response-output wpcf7-display-none\" style=\"background-color:;color:;border-color:;border-width:1px;\"><button style=\"color:;border-color:;\" type=\"button\" class=\"close toggle-alert\" data-dismiss=\"alert\" aria-hidden=\"true\">&times;<\/button><div class=\"fusion-alert-content-wrapper\"><span class=\"fusion-alert-content\"><\/span><\/div><\/div><\/form><\/div><div class=\"fusion-clearfix\"><\/div>\n\n\t\t\t\t\t<\/div>\n\t\t\t\t<\/div><\/div><\/div><\/p>\n","protected":false},"excerpt":{"rendered":"","protected":false},"author":1,"featured_media":0,"parent":0,"menu_order":0,"comment_status":"closed","ping_status":"closed","template":"100-width.php","meta":{"footnotes":""},"_links":{"self":[{"href":"https:\/\/eurofootballcup.com\/es\/wp-json\/wp\/v2\/pages\/1710\/"}],"collection":[{"href":"https:\/\/eurofootballcup.com\/es\/wp-json\/wp\/v2\/pages\/"}],"about":[{"href":"https:\/\/eurofootballcup.com\/es\/wp-json\/wp\/v2\/types\/page\/"}],"author":[{"embeddable":true,"href":"https:\/\/eurofootballcup.com\/es\/wp-json\/wp\/v2\/users\/1\/"}],"replies":[{"embeddable":true,"href":"https:\/\/eurofootballcup.com\/es\/wp-json\/wp\/v2\/comments\/?post=1710"}],"version-history":[{"count":14,"href":"https:\/\/eurofootballcup.com\/es\/wp-json\/wp\/v2\/pages\/1710\/revisions\/"}],"predecessor-version":[{"id":1994,"href":"https:\/\/eurofootballcup.com\/es\/wp-json\/wp\/v2\/pages\/1710\/revisions\/1994\/"}],"wp:attachment":[{"href":"https:\/\/eurofootballcup.com\/es\/wp-json\/wp\/v2\/media\/?parent=1710"}],"curies":[{"name":"wp","href":"https:\/\/api.w.org\/{rel}","templated":true}]}}