{"id":1676,"date":"2018-10-15T17:48:05","date_gmt":"2018-10-15T17:48:05","guid":{"rendered":"http:\/\/eurofootballcup.com\/turismo\/"},"modified":"2020-10-25T12:44:33","modified_gmt":"2020-10-25T12:44:33","slug":"turismo","status":"publish","type":"page","link":"https:\/\/eurofootballcup.com\/es\/turismo\/","title":{"rendered":"Turismo"},"content":{"rendered":"<p><div class=\"fusion-fullwidth fullwidth-box nonhundred-percent-fullwidth non-hundred-percent-height-scrolling\"  style='background-color: rgba(255,255,255,0);background-position: center center;background-repeat: no-repeat;padding-top:120px;padding-right:0px;padding-bottom:70px;padding-left:0px;'><div class=\"fusion-builder-row fusion-row \"><div  class=\"fusion-layout-column fusion_builder_column fusion_builder_column_1_1  fusion-one-full fusion-column-first fusion-column-last 1_1\"  style='margin-top:0px;margin-bottom:20px;'>\n\t\t\t\t\t<div class=\"fusion-column-wrapper\" style=\"padding: 0px 0px 0px 0px;background-position:left top;background-repeat:no-repeat;-webkit-background-size:cover;-moz-background-size:cover;-o-background-size:cover;background-size:cover;\"  data-bg-url=\"\">\n\t\t\t\t\t\t<div class=\"fusion-text\"><h2 style=\"text-align: center;\">Descubre una de las ciudades m\u00e1s importantes del mundo<\/h2>\n<\/div><div class=\"fusion-text\"><h5 style=\"text-align: center;\">Durante los d\u00edas del torneo, los equipos y las familias tendr\u00e1n la oportunidad de visitar la ciudad de Barcelona. Organizamos tour panor\u00e1mico por solo 25\u20ac por persona.<\/h5>\n<h5 style=\"text-align: center;\">Barcelona se ha convertido en uno de los primeros destinos tur\u00edsticos de Europa con una historia entre las m\u00e1s antiguas de Europa. Barcelona es una ciudad deportiva y cosmopolita llena de encanto y lugares increibles que atraen muchisima gente de todo el mundo<\/h5>\n<\/div><div class=\"fusion-sep-clear\"><\/div><div class=\"fusion-separator fusion-full-width-sep sep-none\" style=\"margin-left: auto;margin-right: auto;margin-top:120px;\"><\/div><div class=\"imageframe-liftup\"><span class=\"fusion-imageframe imageframe-none imageframe-1\"><img decoding=\"async\" src=\"http:\/\/eurofootballcup.com\/wp-content\/uploads\/2018\/10\/Barcelona-Euro-Football-Cup.jpg\" width=\"\" height=\"\" alt=\"Tourism Euro Football Cup\" title=\"Tourism Euro Football Cup\" class=\"img-responsive wp-image-1358\" srcset=\"https:\/\/eurofootballcup.com\/wp-content\/uploads\/2018\/10\/Barcelona-Euro-Football-Cup-200x118.jpg 200w, https:\/\/eurofootballcup.com\/wp-content\/uploads\/2018\/10\/Barcelona-Euro-Football-Cup-400x237.jpg 400w, https:\/\/eurofootballcup.com\/wp-content\/uploads\/2018\/10\/Barcelona-Euro-Football-Cup-600x355.jpg 600w, https:\/\/eurofootballcup.com\/wp-content\/uploads\/2018\/10\/Barcelona-Euro-Football-Cup-800x473.jpg 800w, https:\/\/eurofootballcup.com\/wp-content\/uploads\/2018\/10\/Barcelona-Euro-Football-Cup.jpg 1170w\" sizes=\"(max-width: 800px) 100vw, 1170px\" \/><\/span><\/div><div class=\"fusion-clearfix\"><\/div>\n\n\t\t\t\t\t<\/div>\n\t\t\t\t<\/div><\/div><\/div><div class=\"fusion-fullwidth fullwidth-box hundred-percent-fullwidth non-hundred-percent-height-scrolling\"  style='background-color: rgba(255,255,255,0);background-position: center center;background-repeat: no-repeat;padding-top:20px;padding-right:0px;padding-bottom:140px;padding-left:0px;'><div class=\"fusion-builder-row fusion-row \"><div  class=\"fusion-layout-column fusion_builder_column fusion_builder_column_1_1  fusion-one-full fusion-column-first fusion-column-last 1_1\"  style='margin-top:0px;margin-bottom:20px;'>\n\t\t\t\t\t<div class=\"fusion-column-wrapper\" style=\"padding: 0px 0px 0px 0px;background-position:left top;background-repeat:no-repeat;-webkit-background-size:cover;-moz-background-size:cover;-o-background-size:cover;background-size:cover;\"  data-bg-url=\"\">\n\t\t\t\t\t\t<div class=\"fusion-builder-row fusion-builder-row-inner fusion-row \"><div  class=\"fusion-layout-column fusion_builder_column fusion_builder_column_1_3  fusion-one-third fusion-column-first 1_3\"  style='margin-top: 0px;margin-bottom: 20px;width:33.33%;width:calc(33.33% - ( ( 4% + 4% ) * 0.3333 ) );margin-right:4%;'><div class=\"fusion-column-wrapper\" style=\"padding: 0px 0px 0px 0px;background-position:left top;background-repeat:no-repeat;-webkit-background-size:cover;-moz-background-size:cover;-o-background-size:cover;background-size:cover;\"  data-bg-url=\"\"><span class=\"fusion-imageframe imageframe-none imageframe-2 hover-type-none\"><img decoding=\"async\" src=\"http:\/\/eurofootballcup.com\/wp-content\/uploads\/2018\/10\/parc_guell-04.jpg\" width=\"\" height=\"\" alt=\"Parc Guell\" title=\"Parc Guell\" class=\"img-responsive wp-image-1372\" srcset=\"https:\/\/eurofootballcup.com\/wp-content\/uploads\/2018\/10\/parc_guell-04-200x133.jpg 200w, https:\/\/eurofootballcup.com\/wp-content\/uploads\/2018\/10\/parc_guell-04-400x265.jpg 400w, https:\/\/eurofootballcup.com\/wp-content\/uploads\/2018\/10\/parc_guell-04-600x398.jpg 600w, https:\/\/eurofootballcup.com\/wp-content\/uploads\/2018\/10\/parc_guell-04.jpg 800w\" sizes=\"(max-width: 800px) 100vw, 800px\" \/><\/span><div class=\"fusion-text\"><p style=\"text-align: center;\"><strong>Parc G\u00fcell<br \/>\n<\/strong>Creada hace mas de 100 a\u00f1os por el arquitecto catal\u00e1n y el famoso arquitecto Antoni Gaud\u00ed, es un parque muy atractivo, uno de los lugares mas famosos de la ciudad con una excelente vista a toda Barcelona.<\/p>\n<\/div><\/div><\/div><div  class=\"fusion-layout-column fusion_builder_column fusion_builder_column_1_3  fusion-one-third 1_3\"  style='margin-top: 0px;margin-bottom: 20px;width:33.33%;width:calc(33.33% - ( ( 4% + 4% ) * 0.3333 ) );margin-right:4%;'><div class=\"fusion-column-wrapper\" style=\"padding: 0px 0px 0px 0px;background-position:left top;background-repeat:no-repeat;-webkit-background-size:cover;-moz-background-size:cover;-o-background-size:cover;background-size:cover;\"  data-bg-url=\"\"><span class=\"fusion-imageframe imageframe-none imageframe-3 hover-type-none\"><img decoding=\"async\" src=\"http:\/\/eurofootballcup.com\/wp-content\/uploads\/2018\/10\/Montjuic-Pla\u00e7a-Espa\u00f1a-02.jpg\" width=\"\" height=\"\" alt=\"Montjuic &amp; Pla\u00e7a Espa\u00f1a\" title=\"Montjuic &#038; Pla\u00e7a Espa\u00f1a\" class=\"img-responsive wp-image-1378\" srcset=\"https:\/\/eurofootballcup.com\/wp-content\/uploads\/2018\/10\/Montjuic-Pla\u00e7a-Espa\u00f1a-02-200x133.jpg 200w, https:\/\/eurofootballcup.com\/wp-content\/uploads\/2018\/10\/Montjuic-Pla\u00e7a-Espa\u00f1a-02-400x265.jpg 400w, https:\/\/eurofootballcup.com\/wp-content\/uploads\/2018\/10\/Montjuic-Pla\u00e7a-Espa\u00f1a-02-600x398.jpg 600w, https:\/\/eurofootballcup.com\/wp-content\/uploads\/2018\/10\/Montjuic-Pla\u00e7a-Espa\u00f1a-02.jpg 800w\" sizes=\"(max-width: 800px) 100vw, 800px\" \/><\/span><div class=\"fusion-text\"><p style=\"text-align: center;\"><strong>Montjuic &amp; Pla\u00e7a Espa\u00f1a<br \/>\n<\/strong>La Pla\u00e7a Espanya con su marca &#8220;dos torres&#8221; antes de llegar hacia las fuentes m\u00e1gicas de Montjuic y que cuando ya se ha puesto el sol estas fuentes ofrecen un fant\u00e1stico espect\u00e1culo de luces entre Jueves y Domingo por la tarde.<\/p>\n<\/div><\/div><\/div><div  class=\"fusion-layout-column fusion_builder_column fusion_builder_column_1_3  fusion-one-third fusion-column-last 1_3\"  style='margin-top: 0px;margin-bottom: 20px;width:33.33%;width:calc(33.33% - ( ( 4% + 4% ) * 0.3333 ) );'><div class=\"fusion-column-wrapper\" style=\"padding: 0px 0px 0px 0px;background-position:left top;background-repeat:no-repeat;-webkit-background-size:cover;-moz-background-size:cover;-o-background-size:cover;background-size:cover;\"  data-bg-url=\"\"><span class=\"fusion-imageframe imageframe-none imageframe-4 hover-type-none\"><img decoding=\"async\" src=\"http:\/\/eurofootballcup.com\/wp-content\/uploads\/2018\/10\/Barcelona-city-center-02.jpg\" width=\"\" height=\"\" alt=\"Barcelona city center\" title=\"Barcelona city center\" class=\"img-responsive wp-image-1379\" srcset=\"https:\/\/eurofootballcup.com\/wp-content\/uploads\/2018\/10\/Barcelona-city-center-02-200x133.jpg 200w, https:\/\/eurofootballcup.com\/wp-content\/uploads\/2018\/10\/Barcelona-city-center-02-400x265.jpg 400w, https:\/\/eurofootballcup.com\/wp-content\/uploads\/2018\/10\/Barcelona-city-center-02-600x398.jpg 600w, https:\/\/eurofootballcup.com\/wp-content\/uploads\/2018\/10\/Barcelona-city-center-02.jpg 800w\" sizes=\"(max-width: 800px) 100vw, 800px\" \/><\/span><div class=\"fusion-text\"><p style=\"text-align: center;\"><strong>Centro de la ciudad de barcelona<\/strong><\/p>\n<p style=\"text-align: center;\">El tour incluye la famosa <strong>Ramblas<\/strong>, lel barrio g\u00f3tico y la <strong>Sagrada Familia<\/strong>,La increible y nunca terminada iglesia famosa del arquitecto Antoni Gaud\u00ed. Conoce la historia de Barcelona y visita una de las iglesias m\u00e1s grandes y famosas del mundo.<\/p>\n<\/div><\/div><\/div><div  class=\"fusion-layout-column fusion_builder_column fusion_builder_column_1_3  fusion-one-third fusion-column-first 1_3\"  style='margin-top: 0px;margin-bottom: 20px;width:33.33%;width:calc(33.33% - ( ( 4% + 4% ) * 0.3333 ) );margin-right:4%;'><div class=\"fusion-column-wrapper\" style=\"padding: 0px 0px 0px 0px;background-position:left top;background-repeat:no-repeat;-webkit-background-size:cover;-moz-background-size:cover;-o-background-size:cover;background-size:cover;\"  data-bg-url=\"\"><span class=\"fusion-imageframe imageframe-none imageframe-5 hover-type-none\"><img decoding=\"async\" src=\"http:\/\/eurofootballcup.com\/wp-content\/uploads\/2018\/10\/Shopping-at-Maremagnum-04.jpg\" width=\"\" height=\"\" alt=\"\" title=\"Shopping at Maremagnum\" class=\"img-responsive wp-image-1380\" srcset=\"https:\/\/eurofootballcup.com\/wp-content\/uploads\/2018\/10\/Shopping-at-Maremagnum-04-200x133.jpg 200w, https:\/\/eurofootballcup.com\/wp-content\/uploads\/2018\/10\/Shopping-at-Maremagnum-04-400x265.jpg 400w, https:\/\/eurofootballcup.com\/wp-content\/uploads\/2018\/10\/Shopping-at-Maremagnum-04-600x398.jpg 600w, https:\/\/eurofootballcup.com\/wp-content\/uploads\/2018\/10\/Shopping-at-Maremagnum-04.jpg 800w\" sizes=\"(max-width: 800px) 100vw, 800px\" \/><\/span><div class=\"fusion-text\"><p style=\"text-align: center;\"><strong>Maremagnum centro comercial<br \/>\n<\/strong>Adem\u00e1s de participar en el torneo y hacer turismo, los equipos participantes tambi\u00e9n tendr\u00e1n tiempo para ir de compras. En el centro comercial Maremagnum, ubicado en la espectacular marina de Barcelona, los equipos tienen todo lo que necesitan, ropa, restaurantes o simplemente recuerdos de Barcelona.<\/p>\n<\/div><\/div><\/div><div  class=\"fusion-layout-column fusion_builder_column fusion_builder_column_1_3  fusion-one-third 1_3\"  style='margin-top: 0px;margin-bottom: 20px;width:33.33%;width:calc(33.33% - ( ( 4% + 4% ) * 0.3333 ) );margin-right:4%;'><div class=\"fusion-column-wrapper\" style=\"padding: 0px 0px 0px 0px;background-position:left top;background-repeat:no-repeat;-webkit-background-size:cover;-moz-background-size:cover;-o-background-size:cover;background-size:cover;\"  data-bg-url=\"\"><span class=\"fusion-imageframe imageframe-none imageframe-6 hover-type-none\"><img decoding=\"async\" src=\"http:\/\/eurofootballcup.com\/wp-content\/uploads\/2018\/10\/Camp-Nou-Experience-04.jpg\" width=\"\" height=\"\" alt=\"\" title=\"Camp Nou Experience\" class=\"img-responsive wp-image-1381\" srcset=\"https:\/\/eurofootballcup.com\/wp-content\/uploads\/2018\/10\/Camp-Nou-Experience-04-200x133.jpg 200w, https:\/\/eurofootballcup.com\/wp-content\/uploads\/2018\/10\/Camp-Nou-Experience-04-400x265.jpg 400w, https:\/\/eurofootballcup.com\/wp-content\/uploads\/2018\/10\/Camp-Nou-Experience-04-600x398.jpg 600w, https:\/\/eurofootballcup.com\/wp-content\/uploads\/2018\/10\/Camp-Nou-Experience-04.jpg 800w\" sizes=\"(max-width: 800px) 100vw, 800px\" \/><\/span><div class=\"fusion-text\"><p style=\"text-align: center;\"><strong>Camp Nou Experience<br \/>\n<\/strong>Si quieres vivir la historia del <strong>F.C. Barcelona<\/strong> y sentirse las mismas emociones que los jugadores del Bar\u00e7a entrando al estadio <strong>Camp Nou<\/strong> os invitamos a una experiencia inolvidable: subir al cesped, entrar el museo, el vestuarioo del equipo invitado, la sala de prensa y muchos m\u00e1s..<\/p>\n<\/div><\/div><\/div><div  class=\"fusion-layout-column fusion_builder_column fusion_builder_column_1_3  fusion-one-third fusion-column-last 1_3\"  style='margin-top: 0px;margin-bottom: 20px;width:33.33%;width:calc(33.33% - ( ( 4% + 4% ) * 0.3333 ) );'><div class=\"fusion-column-wrapper\" style=\"padding: 0px 0px 0px 0px;background-position:left top;background-repeat:no-repeat;-webkit-background-size:cover;-moz-background-size:cover;-o-background-size:cover;background-size:cover;\"  data-bg-url=\"\"><span class=\"fusion-imageframe imageframe-none imageframe-7 hover-type-none\"><img decoding=\"async\" src=\"http:\/\/eurofootballcup.com\/wp-content\/uploads\/2018\/10\/Isla-Fantasia-Water-Park-04.jpg\" width=\"\" height=\"\" alt=\"\u201dIsla Fantasia\u201d Water Park\" title=\"\u201dIsla Fantasia\u201d Water Park\" class=\"img-responsive wp-image-1382\" srcset=\"https:\/\/eurofootballcup.com\/wp-content\/uploads\/2018\/10\/Isla-Fantasia-Water-Park-04-200x133.jpg 200w, https:\/\/eurofootballcup.com\/wp-content\/uploads\/2018\/10\/Isla-Fantasia-Water-Park-04-400x265.jpg 400w, https:\/\/eurofootballcup.com\/wp-content\/uploads\/2018\/10\/Isla-Fantasia-Water-Park-04-600x398.jpg 600w, https:\/\/eurofootballcup.com\/wp-content\/uploads\/2018\/10\/Isla-Fantasia-Water-Park-04.jpg 800w\" sizes=\"(max-width: 800px) 100vw, 800px\" \/><\/span><div class=\"fusion-text\"><p style=\"text-align: center;\"><strong>Parque acuatico<br \/>\n<\/strong>Durante los d\u00edas del torneo, los equipos tendr\u00e1n la oportunidad de disfrutar del gran parque acu\u00e1tico Water world que es uno de los parqs masgrandes en Espa\u00f1a.<\/p>\n<\/div><\/div><\/div><\/div><div class=\"fusion-clearfix\"><\/div>\n\n\t\t\t\t\t<\/div>\n\t\t\t\t<\/div><\/div><\/div><div class=\"fusion-fullwidth fullwidth-box fusion-parallax-none nonhundred-percent-fullwidth non-hundred-percent-height-scrolling\"  style='background-color: rgba(255,255,255,0);background-image: url(\"http:\/\/eurofootballcup.com\/wp-content\/uploads\/2018\/10\/Barcelona-Euro-Football-Cup-02.jpg\");background-position: center center;background-repeat: no-repeat;padding-top:7%;padding-right:0px;padding-bottom:7%;padding-left:0px;-webkit-background-size:cover;-moz-background-size:cover;-o-background-size:cover;background-size:cover;'><div class=\"fusion-builder-row fusion-row \"><div  class=\"fusion-layout-column fusion_builder_column fusion_builder_column_1_1  fusion-one-full fusion-column-first fusion-column-last 1_1\"  style='margin-top:0px;margin-bottom:20px;'>\n\t\t\t\t\t<div class=\"fusion-column-wrapper\" style=\"padding: 0px 0px 0px 0px;background-position:left top;background-repeat:no-repeat;-webkit-background-size:cover;-moz-background-size:cover;-o-background-size:cover;background-size:cover;\"  data-bg-url=\"\">\n\t\t\t\t\t\t<div class=\"fusion-text\"><h2><span style=\"color: #ffffff;\">Barcelona es una ciudad global por su importancia cultural, comercial y tur\u00edstica.<\/span><\/h2>\n<\/div><div class=\"fusion-clearfix\"><\/div>\n\n\t\t\t\t\t<\/div>\n\t\t\t\t<\/div><\/div><\/div><div class=\"fusion-fullwidth fullwidth-box nonhundred-percent-fullwidth non-hundred-percent-height-scrolling\"  style='background-color: rgba(255,255,255,0);background-position: center center;background-repeat: no-repeat;padding-top:120px;padding-right:0px;padding-bottom:0px;padding-left:0px;'><div class=\"fusion-builder-row fusion-row \"><div  class=\"fusion-layout-column fusion_builder_column fusion_builder_column_1_1  fusion-one-full fusion-column-first fusion-column-last 1_1\"  style='margin-top:0px;margin-bottom:20px;'>\n\t\t\t\t\t<div class=\"fusion-column-wrapper\" style=\"padding: 0px 0px 0px 0px;background-position:left top;background-repeat:no-repeat;-webkit-background-size:cover;-moz-background-size:cover;-o-background-size:cover;background-size:cover;\"  data-bg-url=\"\">\n\t\t\t\t\t\t<div class=\"fusion-text\"><h5 style=\"text-align: center;\"><\/h5>\n<h5 style=\"text-align: center;\">La ubicaci\u00f3n de Euro Football Cup es excelente: el estadio est\u00e1 situado a pocos minutos del centro de Barcelona y del aeropuerto internacional aparte de todos los lugares tur\u00edsticos importantes de la ciudad!<\/h5>\n<h5 style=\"text-align: center;\">Arquitectura, naturaleza, playas, clima e historia, Barcelona es una ciudad con una reputaci\u00f3n mundial. Durante esta \u00e9poca de semana santa hay muchos festivales y gran ambiente en Barcelona.<\/h5>\n<\/div><div class=\"fusion-sep-clear\"><\/div><div class=\"fusion-separator fusion-full-width-sep sep-none\" style=\"margin-left: auto;margin-right: auto;margin-top:100px;\"><\/div><div class=\"fusion-clearfix\"><\/div>\n\n\t\t\t\t\t<\/div>\n\t\t\t\t<\/div><\/div><\/div><div class=\"fusion-fullwidth fullwidth-box hundred-percent-fullwidth non-hundred-percent-height-scrolling\"  style='background-color: rgba(255,255,255,0);background-position: center center;background-repeat: no-repeat;padding-top:100px;padding-right:0px;padding-bottom:0px;padding-left:0px;'><div class=\"fusion-builder-row fusion-row \"><div  class=\"fusion-layout-column fusion_builder_column fusion_builder_column_1_1  fusion-one-full fusion-column-first fusion-column-last 1_1\"  style='margin-top:0px;margin-bottom:20px;'>\n\t\t\t\t\t<div class=\"fusion-column-wrapper\" style=\"padding: 0px 0px 0px 0px;background-position:left top;background-repeat:no-repeat;-webkit-background-size:cover;-moz-background-size:cover;-o-background-size:cover;background-size:cover;\"  data-bg-url=\"\">\n\t\t\t\t\t\t<div class=\"fusion-image-carousel fusion-image-carousel-auto\"><div class=\"fusion-carousel\" data-autoplay=\"no\" data-columns=\"5\" data-itemmargin=\"10\" data-itemwidth=\"180\" data-touchscroll=\"no\" data-imagesize=\"auto\" data-scrollitems=\"1\"><div class=\"fusion-carousel-positioner\"><ul class=\"fusion-carousel-holder\"><li class=\"fusion-carousel-item\"><div class=\"fusion-carousel-item-wrapper\"><div class=\"fusion-image-wrapper hover-type-liftup\"><img loading=\"lazy\" decoding=\"async\" width=\"800\" height=\"530\" src=\"https:\/\/eurofootballcup.com\/wp-content\/uploads\/2018\/10\/Tourism-01.jpg\" class=\"attachment-full size-full\" alt=\"Tourism Euro Football Cup\" srcset=\"https:\/\/eurofootballcup.com\/wp-content\/uploads\/2018\/10\/Tourism-01-200x133.jpg 200w, https:\/\/eurofootballcup.com\/wp-content\/uploads\/2018\/10\/Tourism-01-300x199.jpg 300w, https:\/\/eurofootballcup.com\/wp-content\/uploads\/2018\/10\/Tourism-01-400x265.jpg 400w, https:\/\/eurofootballcup.com\/wp-content\/uploads\/2018\/10\/Tourism-01-600x398.jpg 600w, https:\/\/eurofootballcup.com\/wp-content\/uploads\/2018\/10\/Tourism-01-768x509.jpg 768w, https:\/\/eurofootballcup.com\/wp-content\/uploads\/2018\/10\/Tourism-01.jpg 800w\" sizes=\"(max-width: 800px) 100vw, 800px\" \/><\/div><\/div><\/li><li class=\"fusion-carousel-item\"><div class=\"fusion-carousel-item-wrapper\"><div class=\"fusion-image-wrapper hover-type-liftup\"><img loading=\"lazy\" decoding=\"async\" width=\"800\" height=\"530\" src=\"https:\/\/eurofootballcup.com\/wp-content\/uploads\/2018\/10\/Tourism-02.jpg\" class=\"attachment-full size-full\" alt=\"Tourism Euro Football Cup\" srcset=\"https:\/\/eurofootballcup.com\/wp-content\/uploads\/2018\/10\/Tourism-02-200x133.jpg 200w, https:\/\/eurofootballcup.com\/wp-content\/uploads\/2018\/10\/Tourism-02-300x199.jpg 300w, https:\/\/eurofootballcup.com\/wp-content\/uploads\/2018\/10\/Tourism-02-400x265.jpg 400w, https:\/\/eurofootballcup.com\/wp-content\/uploads\/2018\/10\/Tourism-02-600x398.jpg 600w, https:\/\/eurofootballcup.com\/wp-content\/uploads\/2018\/10\/Tourism-02-768x509.jpg 768w, https:\/\/eurofootballcup.com\/wp-content\/uploads\/2018\/10\/Tourism-02.jpg 800w\" sizes=\"(max-width: 800px) 100vw, 800px\" \/><\/div><\/div><\/li><li class=\"fusion-carousel-item\"><div class=\"fusion-carousel-item-wrapper\"><div class=\"fusion-image-wrapper hover-type-liftup\"><img loading=\"lazy\" decoding=\"async\" width=\"800\" height=\"530\" src=\"https:\/\/eurofootballcup.com\/wp-content\/uploads\/2018\/10\/Tourism-03.jpg\" class=\"attachment-full size-full\" alt=\"Tourism Euro Football Cup\" srcset=\"https:\/\/eurofootballcup.com\/wp-content\/uploads\/2018\/10\/Tourism-03-200x133.jpg 200w, https:\/\/eurofootballcup.com\/wp-content\/uploads\/2018\/10\/Tourism-03-300x199.jpg 300w, https:\/\/eurofootballcup.com\/wp-content\/uploads\/2018\/10\/Tourism-03-400x265.jpg 400w, https:\/\/eurofootballcup.com\/wp-content\/uploads\/2018\/10\/Tourism-03-600x398.jpg 600w, https:\/\/eurofootballcup.com\/wp-content\/uploads\/2018\/10\/Tourism-03-768x509.jpg 768w, https:\/\/eurofootballcup.com\/wp-content\/uploads\/2018\/10\/Tourism-03.jpg 800w\" sizes=\"(max-width: 800px) 100vw, 800px\" \/><\/div><\/div><\/li><li class=\"fusion-carousel-item\"><div class=\"fusion-carousel-item-wrapper\"><div class=\"fusion-image-wrapper hover-type-liftup\"><img loading=\"lazy\" decoding=\"async\" width=\"800\" height=\"530\" src=\"https:\/\/eurofootballcup.com\/wp-content\/uploads\/2018\/10\/Tourism-04.jpg\" class=\"attachment-full size-full\" alt=\"Tourism Euro Football Cup\" srcset=\"https:\/\/eurofootballcup.com\/wp-content\/uploads\/2018\/10\/Tourism-04-200x133.jpg 200w, https:\/\/eurofootballcup.com\/wp-content\/uploads\/2018\/10\/Tourism-04-300x199.jpg 300w, https:\/\/eurofootballcup.com\/wp-content\/uploads\/2018\/10\/Tourism-04-400x265.jpg 400w, https:\/\/eurofootballcup.com\/wp-content\/uploads\/2018\/10\/Tourism-04-600x398.jpg 600w, https:\/\/eurofootballcup.com\/wp-content\/uploads\/2018\/10\/Tourism-04-768x509.jpg 768w, https:\/\/eurofootballcup.com\/wp-content\/uploads\/2018\/10\/Tourism-04.jpg 800w\" sizes=\"(max-width: 800px) 100vw, 800px\" \/><\/div><\/div><\/li><li class=\"fusion-carousel-item\"><div class=\"fusion-carousel-item-wrapper\"><div class=\"fusion-image-wrapper hover-type-liftup\"><img loading=\"lazy\" decoding=\"async\" width=\"800\" height=\"530\" src=\"https:\/\/eurofootballcup.com\/wp-content\/uploads\/2018\/10\/Tourism-05.jpg\" class=\"attachment-full size-full\" alt=\"Tourism Euro Football Cup\" srcset=\"https:\/\/eurofootballcup.com\/wp-content\/uploads\/2018\/10\/Tourism-05-200x133.jpg 200w, https:\/\/eurofootballcup.com\/wp-content\/uploads\/2018\/10\/Tourism-05-300x199.jpg 300w, https:\/\/eurofootballcup.com\/wp-content\/uploads\/2018\/10\/Tourism-05-400x265.jpg 400w, https:\/\/eurofootballcup.com\/wp-content\/uploads\/2018\/10\/Tourism-05-600x398.jpg 600w, https:\/\/eurofootballcup.com\/wp-content\/uploads\/2018\/10\/Tourism-05-768x509.jpg 768w, https:\/\/eurofootballcup.com\/wp-content\/uploads\/2018\/10\/Tourism-05.jpg 800w\" sizes=\"(max-width: 800px) 100vw, 800px\" \/><\/div><\/div><\/li><\/ul><div class=\"fusion-carousel-nav\"><span class=\"fusion-nav-prev\"><\/span><span class=\"fusion-nav-next\"><\/span><\/div><\/div><\/div><\/div><div class=\"fusion-sep-clear\"><\/div><div class=\"fusion-separator fusion-full-width-sep sep-none\" style=\"margin-left: auto;margin-right: auto;margin-top:-60px;\"><\/div><div class=\"fusion-clearfix\"><\/div>\n\n\t\t\t\t\t<\/div>\n\t\t\t\t<\/div><\/div><\/div><\/p>\n","protected":false},"excerpt":{"rendered":"","protected":false},"author":1,"featured_media":0,"parent":0,"menu_order":0,"comment_status":"closed","ping_status":"closed","template":"100-width.php","meta":{"footnotes":""},"_links":{"self":[{"href":"https:\/\/eurofootballcup.com\/es\/wp-json\/wp\/v2\/pages\/1676\/"}],"collection":[{"href":"https:\/\/eurofootballcup.com\/es\/wp-json\/wp\/v2\/pages\/"}],"about":[{"href":"https:\/\/eurofootballcup.com\/es\/wp-json\/wp\/v2\/types\/page\/"}],"author":[{"embeddable":true,"href":"https:\/\/eurofootballcup.com\/es\/wp-json\/wp\/v2\/users\/1\/"}],"replies":[{"embeddable":true,"href":"https:\/\/eurofootballcup.com\/es\/wp-json\/wp\/v2\/comments\/?post=1676"}],"version-history":[{"count":8,"href":"https:\/\/eurofootballcup.com\/es\/wp-json\/wp\/v2\/pages\/1676\/revisions\/"}],"predecessor-version":[{"id":1956,"href":"https:\/\/eurofootballcup.com\/es\/wp-json\/wp\/v2\/pages\/1676\/revisions\/1956\/"}],"wp:attachment":[{"href":"https:\/\/eurofootballcup.com\/es\/wp-json\/wp\/v2\/media\/?parent=1676"}],"curies":[{"name":"wp","href":"https:\/\/api.w.org\/{rel}","templated":true}]}}