{"id":1670,"date":"2017-12-07T20:59:05","date_gmt":"2017-12-07T20:59:05","guid":{"rendered":"http:\/\/eurofootballcup.com\/tournament\/"},"modified":"2022-07-19T11:39:42","modified_gmt":"2022-07-19T11:39:42","slug":"torneo","status":"publish","type":"page","link":"https:\/\/eurofootballcup.com\/es\/torneo\/","title":{"rendered":"Torneo"},"content":{"rendered":"<p><div id=\"#intro\"><div class=\"fusion-fullwidth fullwidth-box nonhundred-percent-fullwidth non-hundred-percent-height-scrolling\"  style='background-color: rgba(255,255,255,0);background-position: center center;background-repeat: no-repeat;padding-top:120px;padding-right:0px;padding-bottom:70px;padding-left:0px;'><div class=\"fusion-builder-row fusion-row \"><div  class=\"fusion-layout-column fusion_builder_column fusion_builder_column_1_1  fusion-one-full fusion-column-first fusion-column-last 1_1\"  style='margin-top:0px;margin-bottom:20px;'>\n\t\t\t\t\t<div class=\"fusion-column-wrapper\" style=\"padding: 0px 0px 0px 0px;background-position:left top;background-repeat:no-repeat;-webkit-background-size:cover;-moz-background-size:cover;-o-background-size:cover;background-size:cover;\"  data-bg-url=\"\">\n\t\t\t\t\t\t<div class=\"fusion-text\"><h2 style=\"text-align: center;\">Considerado uno de los torneos m\u00e1s importantes en Barcelona<\/h2>\n<\/div><div class=\"fusion-text\"><h5>El Euro Football Cup es uno de los torneos de f\u00fatbol m\u00e1s prestigiosos, donde un gran n\u00famero de jugadores de todo el mundo se re\u00fanen para jugar innumerables partidos con sus equipos.<\/h5>\n<h5>Considerado uno de los torneos m\u00e1s importantes, ofrece la posibilidad de vivir una experiencia inolvidable, combinando el f\u00fatbol con las actividades y el turismo que ofrece una gran ciudad como Barcelona. El Euro Football Cup se organiza durante 3 d\u00edas, donde los participantes de diferentes pa\u00edses y culturas vivir\u00e1n y compartir\u00e1n experiencias.<\/h5>\n<h5>En el Euro Football Cup podr\u00e1 disfrutar de una amplia variedad de actividades deportivas y de ocio, tanto para participantes como para familiares y acompa\u00f1antes, para que puedan disfrutar plenamente del torneo.<\/h5>\n<\/div><div class=\"fusion-clearfix\"><\/div>\n\n\t\t\t\t\t<\/div>\n\t\t\t\t<\/div><\/div><\/div><\/div><div class=\"fusion-fullwidth fullwidth-box hundred-percent-fullwidth non-hundred-percent-height-scrolling\"  style='background-color: #ffffff;background-position: center center;background-repeat: no-repeat;padding-top:100px;padding-right:5%;padding-bottom:100px;padding-left:5%;'><div class=\"fusion-builder-row fusion-row \"><div  class=\"fusion-layout-column fusion_builder_column fusion_builder_column_1_2  fusion-one-half fusion-column-first 1_2\"  style='margin-top:0px;margin-bottom:20px;width:50%;width:calc(50% - ( ( 4% ) * 0.5 ) );margin-right: 4%;'>\n\t\t\t\t\t<div class=\"fusion-column-wrapper\" style=\"padding: 0px 0px 0px 0px;background-image: url('http:\/\/eurofootballcup.com\/wp-content\/uploads\/2018\/10\/Stadium-Euro-Football-Cup-01.jpg');background-position:left top;background-repeat:no-repeat;-webkit-background-size:cover;-moz-background-size:cover;-o-background-size:cover;background-size:cover;\"  data-bg-url=\"http:\/\/eurofootballcup.com\/wp-content\/uploads\/2018\/10\/Stadium-Euro-Football-Cup-01.jpg\">\n\t\t\t\t\t\t<div class=\"fusion-clearfix\"><\/div>\n\n\t\t\t\t\t<\/div>\n\t\t\t\t<\/div><div  class=\"fusion-layout-column fusion_builder_column fusion_builder_column_1_2  fusion-one-half fusion-column-last 1_2\"  style='margin-top:0px;margin-bottom:20px;width:50%;width:calc(50% - ( ( 4% ) * 0.5 ) );'>\n\t\t\t\t\t<div class=\"fusion-column-wrapper\" style=\"padding: 0px 0px 0px 0px;background-position:left top;background-repeat:no-repeat;-webkit-background-size:cover;-moz-background-size:cover;-o-background-size:cover;background-size:cover;\"  data-bg-url=\"\">\n\t\t\t\t\t\t<div class=\"fusion-text\"><p><strong>Estadio Euro Football Cup<\/strong><\/p>\n<p>Av. Salvador Espriu, 1, 08917 Badalona, Barcelona<br \/>\n<a href=\"https:\/\/www.google.es\/maps\/place\/Av.+Salvador+Espriu,+1,+08917+Santa+Coloma+de+Gramenet,+Barcelona\/@41.4462693,2.2299053,17z\/data=!3m1!4b1!4m5!3m4!1s0x12a4bb65bc26eabf:0x4de5c2f6949f1cd1!8m2!3d41.4462653!4d2.232094\" target=\"_blank\" rel=\"noopener noreferrer\">Google Maps<\/a><\/p>\n<ul>\n<li>Con dos campos de F7.<\/li>\n<li>Campo de F11<\/li>\n<li>Cesped artificial<\/li>\n<li>Vestidores totalmente acondicionados.<\/li>\n<li>Servicio de Bar y Restaurant<em>(Con capacidad para m\u00e1s de 100 personas.)<\/em><\/li>\n<\/ul>\n<p><em>La organizaci\u00f3n se reserva la posibilidad de ampliar el n\u00famero de campos en funci\u00f3n del n\u00famero de equipos inscritos.<\/em><\/p>\n<\/div><div class=\"fusion-clearfix\"><\/div>\n\n\t\t\t\t\t<\/div>\n\t\t\t\t<\/div><div  class=\"fusion-layout-column fusion_builder_column fusion_builder_column_1_2  fusion-one-half fusion-column-first 1_2\"  style='margin-top:0px;margin-bottom:20px;width:50%;width:calc(50% - ( ( 4% ) * 0.5 ) );margin-right: 4%;'>\n\t\t\t\t\t<div class=\"fusion-column-wrapper\" style=\"padding: 0px 0px 0px 0px;background-image: url('http:\/\/eurofootballcup.com\/wp-content\/uploads\/2018\/10\/Stadium-Euro-Football-Cup-02.jpg');background-position:left top;background-repeat:no-repeat;-webkit-background-size:cover;-moz-background-size:cover;-o-background-size:cover;background-size:cover;\"  data-bg-url=\"http:\/\/eurofootballcup.com\/wp-content\/uploads\/2018\/10\/Stadium-Euro-Football-Cup-02.jpg\">\n\t\t\t\t\t\t<div class=\"fusion-clearfix\"><\/div>\n\n\t\t\t\t\t<\/div>\n\t\t\t\t<\/div><div  class=\"fusion-layout-column fusion_builder_column fusion_builder_column_1_2  fusion-one-half fusion-column-last 1_2\"  style='margin-top:0px;margin-bottom:20px;width:50%;width:calc(50% - ( ( 4% ) * 0.5 ) );'>\n\t\t\t\t\t<div class=\"fusion-column-wrapper\" style=\"padding: 0px 0px 0px 0px;background-position:left top;background-repeat:no-repeat;-webkit-background-size:cover;-moz-background-size:cover;-o-background-size:cover;background-size:cover;\"  data-bg-url=\"\">\n\t\t\t\t\t\t<div class=\"fusion-text\"><p><strong>Servicios<\/strong><\/p>\n<p>Sala de proyecciones, <em>Con capacidad para m\u00e1s de 100 personas, proyector con pantalla y pizarra magn\u00e9tica.<\/em><\/p>\n<p>Fisioterapeuta, <em>Equipado con todo el material para dar masajes y peque\u00f1as curas.<\/em><\/p>\n<p>Cuarto del material,\u00a0<em>Posibilidad de guardar tu propio material.<\/em><\/p>\n<p>Servicio de lavander\u00eda,\u00a0<em>posibilidad de guardar tu propio material.<\/em><\/p>\n<p>Gimnasio,\u00a0<em>Ubicado en el estadio, totalmente equipado.<\/em><\/p>\n<p>Piscina,\u00a0<em>Ubicado en el estadio, posibilidad de realizar actividades acu\u00e1ticas.<\/em><\/p>\n<\/div><div class=\"fusion-clearfix\"><\/div>\n\n\t\t\t\t\t<\/div>\n\t\t\t\t<\/div><\/div><\/div><div class=\"fusion-fullwidth fullwidth-box nonhundred-percent-fullwidth non-hundred-percent-height-scrolling\"  style='background-color: #f9f9f9;background-position: center center;background-repeat: no-repeat;padding-top:120px;padding-right:0px;padding-bottom:80px;padding-left:0px;'><div class=\"fusion-builder-row fusion-row \"><div  class=\"fusion-layout-column fusion_builder_column fusion_builder_column_1_1  fusion-one-full fusion-column-first fusion-column-last 1_1\"  style='margin-top:0px;margin-bottom:20px;'>\n\t\t\t\t\t<div class=\"fusion-column-wrapper\" style=\"padding: 0px 0px 0px 0px;background-position:left top;background-repeat:no-repeat;-webkit-background-size:cover;-moz-background-size:cover;-o-background-size:cover;background-size:cover;\"  data-bg-url=\"\">\n\t\t\t\t\t\t<div class=\"fusion-text\"><h2>REGALMENTO<\/h2>\n<\/div><div class=\"fusion-text\"><p>Euro Football Cup est\u00e1 regida por la FIFA, RFEF &#8211; Federaci\u00f3n Espa\u00f1ola de F\u00fatbol y FCF &#8211; Reglas de la Federaci\u00f3n Catalana de F\u00fatbol.<\/p>\n<p><strong>DOCUMENTACI\u00d3N<\/strong><br \/>\nAntes del inicio de la competici\u00f3n, cada equipo debe entregar a la organizaci\u00f3n una lista original firmada que certifique que todos los datos son correctos con respecto a los jugadores inscritos (nombre, apellido y fecha de nacimiento). El jefe de cada equipo recibir\u00e1 de la organizaci\u00f3n diez copias (10) de la lista de jugadores. Antes de cada partido, una de estas listas debe entregarse a un director o subdirector del campo que indique el n\u00famero que cada jugador usar\u00e1 durante el partido. Todos los jugadores deben identificarse con una licencia de federaci\u00f3n v\u00e1lida, DNI (DNI), pasaporte u otro documento oficial con una foto que certifique la edad del jugador. La organizaci\u00f3n revisar\u00e1 la documentaci\u00f3n antes del inicio de la competencia, pero tambi\u00e9n puede repetirla en cualquier momento si las circunstancias lo requieren. Si cualquier equipo pone en la lista a cualquier jugador que no cumpla con los requisitos definidos en las regulaciones, el equipo perder\u00e1 el partido de 3 a 0.<\/p>\n<p><strong>N\u00daMERO DE JUGADORES Y SUSTITUTOS<\/strong><br \/>\nNo hay limitaci\u00f3n en el n\u00famero m\u00e1ximo de jugadores inscritos por partido. Los cambios se pueden hacer libremente sin tener que detener el juego, pero siempre bajo la autorizaci\u00f3n del responsable de campo, el subdirector de campo o el \u00e1rbitro. S\u00f3lo detendremos el juego si el jugador reemplazado es el portero o si el \u00e1rbitro o el responsable de campo lo consideran conveniente. Todos los jugadores sustituidos pueden volver a entrar. Se permite a\u00f1adir un jugador a la alineaci\u00f3n de diferentes equipos del mismo club si son de una categor\u00eda inferior. En ning\u00fan caso se puede agregar un jugador a la alineaci\u00f3n de una categor\u00eda superior. Para hacer esto, el mismo jugador debe haber pasado 5 horas entre el final de un partido y el comienzo de otro. En ning\u00fan caso, un jugador puede jugar en la competici\u00f3n con dos clubes diferentes o dos equipos del mismo club que participan en la misma categor\u00eda.<\/p>\n<p><strong>CAMPOS DE JUEGO<\/strong><br \/>\nTodos los campos son de c\u00e9sped natural o artificial de m\u00e1xima calidad.<\/p>\n<p><strong>EQUIPACIONES<\/strong><br \/>\nCada equipo debe tener al menos dos equipaciones con n\u00fameros o un equipaci\u00f3n y un conjunto de petos con n\u00fameros. Todas las camisetas deben tener un n\u00famero y los n\u00fameros deben coincidir con la lista de jugadores. Se recomienda mantener el mismo n\u00famero durante todo el torneo. Los equipos que usan su equipaci\u00f3n oficial de local se ponen de acuerdo antes de comenzar el partido. Si las equipaciones de ambos equipos tienen los mismos o similares colores o si el \u00e1rbitro decide que podr\u00eda ser confuso, el equipo que debe cambiar su equipaci\u00f3n son los que juegan como &#8220;visitante&#8221; (segundo lugar en el calendario de partidos).<\/p>\n<p><strong>CALENDARIO<\/strong><br \/>\nEl Comit\u00e9 Organizador se reserva el derecho de realizar cambios en el calendario de partidos, tanto con respecto a los horarios como a los campos de juego. La informaci\u00f3n sobre los cambios se comunicar\u00e1 a la persona responsable de cada equipo.<\/p>\n<p><strong>DURACI\u00d3N DE LOS PARTIDOS<\/strong><br \/>\nTodos los partidos tendr\u00e1n dos partes de 25 minutos cada uno. El comit\u00e9 del torneo est\u00e1 autorizado a alterar la duraci\u00f3n y el horario si las circunstancias lo requieren. Solo habr\u00e1 un cambio de campo en el descanso, excepto en la final, en el que habr\u00e1 un descanso de 3 minutos.<\/p>\n<p><strong>PUNTUALIDAD<\/strong><br \/>\nLos equipos deben estar listos en el campo 30 minutos antes de cada partido. En caso de que un equipo no est\u00e9 presente, el resultado del partido ser\u00e1 3-0 a favor del equipo rival. El equipo ausente tambi\u00e9n puede ser retirado de la competici\u00f3n.<\/p>\n<p><strong>SISTEMA DE COMPETICI\u00d3N<\/strong><br \/>\nTodas las categor\u00edas jugar\u00e1n una &#8220;Ronda de Clasificaci\u00f3n&#8221;, que se dividir\u00e1 en grupos de 4 equipos cada uno. Los equipos se enfrentar\u00e1n en un s\u00f3lo partido. A continuaci\u00f3n, los equipos se dividir\u00e1n en la &#8220;Fase Final&#8221; y la &#8220;Fase de Consolaci\u00f3n&#8221;. Los equipos que jueguen en la &#8220;Fase Final&#8221; o &#8220;Fase de Consolaci\u00f3n&#8221; ser\u00e1n determinados por su posici\u00f3n final en la &#8220;Fase de Clasificaci\u00f3n&#8221;. Los partidos de la &#8220;Fase Final&#8221; y la &#8220;Fase de Consolaci\u00f3n&#8221; se jugar\u00e1n de acuerdo con el sistema de copa (eliminaci\u00f3n directa) y se decidir\u00e1 sin tiempo extra de acuerdo con las normas de la FIFA.<br \/>\n* El sistema de competici\u00f3n puede variar, dependiendo del n\u00famero de equipos participantes.<\/p>\n<p><strong>PUNTUACI\u00d3N LIGA PARA LA RONDA DE CALIFICACI\u00d3N<\/strong><br \/>\nPartido ganado: 3 puntos<br \/>\nPartido empatado: 1 punto<br \/>\nPartido perdido: 0 puntos<\/p>\n<p><strong>CRITERIOS DE CLASIFICACI\u00d3N<\/strong><br \/>\nEn caso de empate entre dos equipos, se decidir\u00e1 de acuerdo a:<\/p>\n<p>Gol-average Individual .<br \/>\nGol-average global.<br \/>\nN\u00famero de goles marcados.<br \/>\nEquipo m\u00e1s joven<br \/>\nEn el caso de un empate entre m\u00e1s de dos equipos *, se decidir\u00e1 de acuerdo con:<\/p>\n<p>Puntos ganados en los partidos jugados entre los equipos involucrados.<br \/>\nPromedio de goles de los partidos jugados entre los equipos involucrados.<br \/>\nN\u00famero de goles marcados en los partidos jugados entre los equipos involucrados.<br \/>\nObjetivo medio general.<br \/>\nN\u00famero de goles marcados en la clasificaci\u00f3n general del grupo.<br \/>\nQue equipo es mas joven<br \/>\n* Si se produce un empate en alg\u00fan momento entre dos equipos, entonces se considera que es &#8220;un empate entre dos equipos&#8221; y se debe solucionar de acuerdo con los criterios apropiados.<\/p>\n<p><strong>PENALTI<\/strong><br \/>\nLos penaltis se utilizar\u00e1n de acuerdo con las normas de la FIFA. Los equipos disputar\u00e1n una tanda de penaltis, alternando uno por uno (5 penaltis). Si continua empatado, el partido pasar\u00e1 a muerte s\u00fabita en el tiempo. Los equipos disputar\u00e1n penaltis alternos hasta que uno anote y el otro falle. Solo los jugadores que est\u00e1n en el campo al final del partido pueden participar en la tanda de penaltis. Cada penalti ser\u00e1 ejecutado por un jugador diferente. Solo despu\u00e9s de que cada miembro del equipo haya lanzado un penalti, cualquier jugador puede lanzar un segundo penalti.<\/p>\n<p><strong>REGLAMENTO DE LOS PENALITS<\/strong><br \/>\nUn portero que sufre una lesi\u00f3n durante la tanda de penaltis y no puede continuar jugando puede ser reemplazado por un suplente designado. Cualquier jugador elegible puede cambiar de posici\u00f3n con el portero en cualquier momento durante la tanda de penaltis. Si un equipo tiene m\u00e1s jugadores que su adversario al final del partido y antes de comenzar la tanda de penaltis, debe reducir su n\u00famero de jugadores para que coincida con el de su adversario y la persona a cargo del equipo se comunicar\u00e1 con el director de campo. y arbitrar el nombre y n\u00famero de cada jugador excluido. Por lo tanto, los jugadores excluidos no podr\u00e1n participar en la tanda de penaltis. De acuerdo con las reglas, todos los jugadores disponibles para la tanda de penaltis deben ubicarse en el c\u00edrculo central, con la excepci\u00f3n de los dos porteros y el jugador que lanza el penalti. El resto de los jugadores y los gerentes deben permanecer en sus \u00e1reas asignadas.<\/p>\n<p><strong>SANCTIONES<\/strong><br \/>\nTodas las expulsiones se informar\u00e1n al final del partido al Comit\u00e9 de Competici\u00f3n, que comunicar\u00e1 las sanciones a la persona responsable del equipo en cuesti\u00f3n. Las expulsiones t\u00e9cnicas, como sujetar a un rival por la camiseta por razones t\u00e1cticas, si el portero toca el bal\u00f3n con las manos fuera del \u00e1rea de porter\u00eda y reciben una segunda advertencia, no ser\u00e1n sancionadas para el pr\u00f3ximo partido despu\u00e9s de ser revisadas por el Comit\u00e9 de Competici\u00f3n. En otras expulsiones, como insultar, patear, agredir a un rival, etc., el jugador ser\u00e1 expulsado autom\u00e1ticamente para el pr\u00f3ximo partido y, dependiendo de la gravedad del acto, podr\u00eda ser castigado por varios partidos. Todos los casos de expulsi\u00f3n grave se informar\u00e1n a la federaci\u00f3n nacional del pa\u00eds del jugador infractor. Los comportamientos antideportivos, independientemente de que ocurran dentro o fuera del campo de juego, pueden hacer que un jugador o equipo sea excluido de la competici\u00f3n. Todas las sanciones se considerar\u00e1n como tales, ya sea para jugadores o entrenadores.<\/p>\n<p><strong>NO PRESENTADO<\/strong><br \/>\nSi se abandona un partido por cualquier incidente y\/o incidentes, el Comit\u00e9 de Competici\u00f3n decidir\u00e1 sobre los siguientes factores, teniendo en cuenta el motivo de abandono. El partido comienza de nuevo desde el principio. El partido contin\u00faa desde el minuto en que fue abandonado. La puntuaci\u00f3n del partido en el momento en que se abandon\u00f3 se fijar\u00e1 como resultado final. Uno de los equipos gana 3-0. Los dos equipos pierden el partido (0-3).<\/p>\n<p><strong>\u00c1RBITRO<\/strong><br \/>\nLos \u00e1rbitros de Euro Football Cup pertenecen a comit\u00e9s nacionales e internacionales de \u00e1rbitros y ser\u00e1n nombrados por el comit\u00e9 territorial de Catalu\u00f1a. Sus decisiones no pueden ser apeladas.<\/p>\n<p><strong>REGLAS DE ORDEN<\/strong><br \/>\nLos delegados son responsables de sus jugadores en caso de da\u00f1os a los vestuarios, hoteles, autobuses u otras instalaciones. Los equipos deben respetar el silencio en los hoteles entre las 23:00 y las 8:00. Las comidas establecidas por los hoteles deben ser respetadas. Est\u00e1 prohibido viajar en transporte de organizaci\u00f3n sin camisa. Est\u00e1 prohibido llevar a las habitaciones alcohol u otras sustancias que no est\u00e1n permitidas para ni\u00f1os menores de 18 a\u00f1os. El incumplimiento de cualquiera de estas reglas por parte de cualquier jugador, entrenador o compa\u00f1ero puede ser una raz\u00f3n para la expulsi\u00f3n del torneo.<\/p>\n<p><strong>RESPONSABILIDADES Y SEGUROS<\/strong><br \/>\nTodos los clubes\/equipos deben tener un seguro para sus jugadores dentro y fuera del campo de juego. Todos los participantes deben tener una tarjeta de salud o un seguro privado. Euro Football Cup no es responsable por da\u00f1os o da\u00f1os a los participantes, por la p\u00e9rdida de objetos personales (por robo u otras circunstancias), ni por lesiones. No son responsables de las medidas tomadas por las autoridades p\u00fablicas o las empresas de transporte, como huelgas, cancelaciones, etc. Los clubes, en el momento de la inscripci\u00f3n, declaran que sus jugadores est\u00e1n f\u00edsicamente en forma para participar en el evento. La organizaci\u00f3n declina toda responsabilidad por cualquier da\u00f1o que los participantes puedan causar durante y despu\u00e9s de la competici\u00f3n, tanto para ellos como para otros.<\/p>\n<p><strong>BASE DE DATOS<\/strong><br \/>\nTodos los participantes deben completar el formulario de protecci\u00f3n de datos, hacer que lo firme su representante legal y entregarlo a la organizaci\u00f3n antes del torneo. De esta manera, dan su consentimiento para el procesamiento de sus datos. La participaci\u00f3n en el evento autoriza a European Sport Events a utilizar cualquier reproducci\u00f3n gr\u00e1fica de los participantes durante el torneo.<\/p>\n<p><strong>MODIFICACIONCES<\/strong><br \/>\nCualquier circunstancia que no se haya comentado en las reglas es responsabilidad exclusiva de la organizaci\u00f3n, y sus decisiones son definitivas. La Euro Football Cup se reserva el derecho de agregar, modificar, interpretar y aplicar las reglas de acuerdo con sus criterios y las necesidades de cada torneo, as\u00ed como modificar estas reglas para el beneficio de la competici\u00f3n. Todas las modificaciones hechas a estas reglas se comunicar\u00e1n a la persona responsable del club\/equipo participante.<\/p>\n<\/div><div class=\"fusion-clearfix\"><\/div>\n\n\t\t\t\t\t<\/div>\n\t\t\t\t<\/div><\/div><\/div><\/p>\n","protected":false},"excerpt":{"rendered":"","protected":false},"author":1,"featured_media":0,"parent":0,"menu_order":0,"comment_status":"closed","ping_status":"closed","template":"100-width.php","meta":{"footnotes":""},"_links":{"self":[{"href":"https:\/\/eurofootballcup.com\/es\/wp-json\/wp\/v2\/pages\/1670\/"}],"collection":[{"href":"https:\/\/eurofootballcup.com\/es\/wp-json\/wp\/v2\/pages\/"}],"about":[{"href":"https:\/\/eurofootballcup.com\/es\/wp-json\/wp\/v2\/types\/page\/"}],"author":[{"embeddable":true,"href":"https:\/\/eurofootballcup.com\/es\/wp-json\/wp\/v2\/users\/1\/"}],"replies":[{"embeddable":true,"href":"https:\/\/eurofootballcup.com\/es\/wp-json\/wp\/v2\/comments\/?post=1670"}],"version-history":[{"count":9,"href":"https:\/\/eurofootballcup.com\/es\/wp-json\/wp\/v2\/pages\/1670\/revisions\/"}],"predecessor-version":[{"id":1986,"href":"https:\/\/eurofootballcup.com\/es\/wp-json\/wp\/v2\/pages\/1670\/revisions\/1986\/"}],"wp:attachment":[{"href":"https:\/\/eurofootballcup.com\/es\/wp-json\/wp\/v2\/media\/?parent=1670"}],"curies":[{"name":"wp","href":"https:\/\/api.w.org\/{rel}","templated":true}]}}