{"id":1644,"date":"2018-10-15T16:22:34","date_gmt":"2018-10-15T16:22:34","guid":{"rendered":"http:\/\/eurofootballcup.com\/alojamiento\/"},"modified":"2020-10-25T12:21:42","modified_gmt":"2020-10-25T12:21:42","slug":"alojamiento","status":"publish","type":"page","link":"https:\/\/eurofootballcup.com\/es\/alojamiento\/","title":{"rendered":"Alojamiento"},"content":{"rendered":"<p><div id=\"#Alojamiento\"><div class=\"fusion-fullwidth fullwidth-box nonhundred-percent-fullwidth non-hundred-percent-height-scrolling\"  style='background-color: rgba(255,255,255,0);background-position: center center;background-repeat: no-repeat;padding-top:120px;padding-right:0px;padding-bottom:80px;padding-left:0px;'><div class=\"fusion-builder-row fusion-row \"><div  class=\"fusion-layout-column fusion_builder_column fusion_builder_column_1_1  fusion-one-full fusion-column-first fusion-column-last 1_1\"  style='margin-top:0px;margin-bottom:20px;'>\n\t\t\t\t\t<div class=\"fusion-column-wrapper\" style=\"padding: 0px 0px 0px 0px;background-position:left top;background-repeat:no-repeat;-webkit-background-size:cover;-moz-background-size:cover;-o-background-size:cover;background-size:cover;\"  data-bg-url=\"\">\n\t\t\t\t\t\t<div class=\"fusion-text\"><h2 style=\"text-align: center;\">Hoteles del torneo<\/h2>\n<\/div><div class=\"fusion-sep-clear\"><\/div><div class=\"fusion-separator fusion-full-width-sep sep-none\" style=\"margin-left: auto;margin-right: auto;margin-top:100px;\"><\/div><div class=\"imageframe-liftup\"><span class=\"fusion-imageframe imageframe-none imageframe-1\"><img decoding=\"async\" src=\"http:\/\/eurofootballcup.com\/wp-content\/uploads\/2018\/10\/Hotel-01.jpg\" width=\"\" height=\"\" alt=\"Hotel Euro Football Cup\" title=\"Hotel Euro Football Cup\" class=\"img-responsive wp-image-1317\" srcset=\"https:\/\/eurofootballcup.com\/wp-content\/uploads\/2018\/10\/Hotel-01-200x118.jpg 200w, https:\/\/eurofootballcup.com\/wp-content\/uploads\/2018\/10\/Hotel-01-400x237.jpg 400w, https:\/\/eurofootballcup.com\/wp-content\/uploads\/2018\/10\/Hotel-01-600x355.jpg 600w, https:\/\/eurofootballcup.com\/wp-content\/uploads\/2018\/10\/Hotel-01-800x473.jpg 800w, https:\/\/eurofootballcup.com\/wp-content\/uploads\/2018\/10\/Hotel-01.jpg 1170w\" sizes=\"(max-width: 800px) 100vw, 1170px\" \/><\/span><\/div><div class=\"fusion-sep-clear\"><\/div><div class=\"fusion-separator fusion-full-width-sep sep-none\" style=\"margin-left: auto;margin-right: auto;margin-top:100px;\"><\/div><div class=\"fusion-text\"><h5 style=\"text-align: center;\">Alojamiento en habitaciones dobles, triples o cu\u00e1druples en hoteles de 3* y 4*<\/h5>\n<\/div><div class=\"fusion-builder-row fusion-builder-row-inner fusion-row \"><div  class=\"fusion-layout-column fusion_builder_column fusion_builder_column_1_3  fusion-one-third fusion-column-first 1_3\"  style='margin-top: 0px;margin-bottom: 20px;width:33.33%;width:calc(33.33% - ( ( 4% ) * 0.3333 ) );margin-right:4%;'><div class=\"fusion-column-wrapper\" style=\"padding: 0px 0px 0px 0px;background-position:left top;background-repeat:no-repeat;-webkit-background-size:cover;-moz-background-size:cover;-o-background-size:cover;background-size:cover;\"  data-bg-url=\"\"><span class=\"fusion-imageframe imageframe-none imageframe-2 hover-type-none\"><img decoding=\"async\" src=\"http:\/\/eurofootballcup.com\/wp-content\/uploads\/2018\/10\/Hotel-04.jpg\" width=\"\" height=\"\" alt=\"Hotel Euro Football Cup\" title=\"Hotel Euro Football Cup\" class=\"img-responsive wp-image-1328\" srcset=\"https:\/\/eurofootballcup.com\/wp-content\/uploads\/2018\/10\/Hotel-04-200x133.jpg 200w, https:\/\/eurofootballcup.com\/wp-content\/uploads\/2018\/10\/Hotel-04-400x267.jpg 400w, https:\/\/eurofootballcup.com\/wp-content\/uploads\/2018\/10\/Hotel-04-600x400.jpg 600w, https:\/\/eurofootballcup.com\/wp-content\/uploads\/2018\/10\/Hotel-04-800x533.jpg 800w, https:\/\/eurofootballcup.com\/wp-content\/uploads\/2018\/10\/Hotel-04-1200x800.jpg 1200w, https:\/\/eurofootballcup.com\/wp-content\/uploads\/2018\/10\/Hotel-04.jpg 5357w\" sizes=\"(max-width: 800px) 100vw, 1200px\" \/><\/span><div class=\"fusion-sep-clear\"><\/div><div class=\"fusion-separator fusion-full-width-sep sep-none\" style=\"margin-left: auto;margin-right: auto;margin-top:;\"><\/div><span class=\"fusion-imageframe imageframe-none imageframe-3 hover-type-none\"><img loading=\"lazy\" decoding=\"async\" src=\"http:\/\/eurofootballcup.com\/wp-content\/uploads\/2018\/10\/Hotel-07-600x400.jpg\" width=\"600\" height=\"400\" alt=\"Hotel Euro Football Cup\" title=\"Hotel Euro Football Cup\" class=\"img-responsive wp-image-1331\" srcset=\"https:\/\/eurofootballcup.com\/wp-content\/uploads\/2018\/10\/Hotel-07-200x133.jpg 200w, https:\/\/eurofootballcup.com\/wp-content\/uploads\/2018\/10\/Hotel-07-400x267.jpg 400w, https:\/\/eurofootballcup.com\/wp-content\/uploads\/2018\/10\/Hotel-07-600x400.jpg 600w, https:\/\/eurofootballcup.com\/wp-content\/uploads\/2018\/10\/Hotel-07-800x533.jpg 800w, https:\/\/eurofootballcup.com\/wp-content\/uploads\/2018\/10\/Hotel-07-1200x800.jpg 1200w, https:\/\/eurofootballcup.com\/wp-content\/uploads\/2018\/10\/Hotel-07.jpg 5184w\" sizes=\"(max-width: 800px) 100vw, 1200px\" \/><\/span><\/div><\/div><div  class=\"fusion-layout-column fusion_builder_column fusion_builder_column_2_3  fusion-two-third fusion-column-last 2_3\"  style='margin-top: 0px;margin-bottom: 20px;width:66.66%;width:calc(66.66% - ( ( 4% ) * 0.6666 ) );'><div class=\"fusion-column-wrapper\" style=\"padding: 0px 0px 0px 0px;background-position:left top;background-repeat:no-repeat;-webkit-background-size:cover;-moz-background-size:cover;-o-background-size:cover;background-size:cover;\"  data-bg-url=\"\"><div class=\"fusion-text\"><p style=\"text-align: center;\">Las habitaciones triples o cu\u00e1druples son habitaciones dobles con una o dos camas adicionales, respectivamente. Servicios: Algunos de los hoteles cuentan con piscina, sala de TV, cafeter\u00eda y bar. Cada habitaci\u00f3n tiene ba\u00f1o.<\/p>\n<p style=\"text-align: center;\">El alojamiento es en r\u00e9gimen de pensi\u00f3n completa desde la cena del d\u00eda de llegada hasta el almuerzo del d\u00eda de salida. Todas las comidas y cenas se hacen en el restaurante del hotel. Dependiendo del calendario de cada equio, es posible que tenga que solicitar una comida tipo picnic en el hotel el d\u00eda anterior.<\/p>\n<p style=\"text-align: center;\">\u00a0En nuestros hoteles colaboradores existen piscinas, bar con terraza y gran jardin con un \u00e1rea de juegos abiertos al publico<\/p>\n<\/div><div class=\"fusion-text\"><p style=\"text-align: center;\">La organizaci\u00f3n del torneo asigna los hoteles a los equipos en orden de inscripci\u00f3n. El nombre del hotel se dar\u00e1 dos semanas antes de la llegada de cada grupo. Existe la posibilidad de pedir noches extras.<\/p>\n<\/div><\/div><\/div><\/div><div class=\"fusion-clearfix\"><\/div>\n\n\t\t\t\t\t<\/div>\n\t\t\t\t<\/div><\/div><\/div><\/div><div class=\"fusion-fullwidth fullwidth-box nonhundred-percent-fullwidth non-hundred-percent-height-scrolling\"  style='background-color: rgba(255,255,255,0);background-position: center center;background-repeat: no-repeat;padding-top:0px;padding-right:0px;padding-bottom:0px;padding-left:0px;'><div class=\"fusion-builder-row fusion-row \"><div  class=\"fusion-layout-column fusion_builder_column fusion_builder_column_1_1  fusion-one-full fusion-column-first fusion-column-last 1_1\"  style='margin-top:0px;margin-bottom:20px;'>\n\t\t\t\t\t<div class=\"fusion-column-wrapper\" style=\"padding: 0px 0px 0px 0px;background-position:left top;background-repeat:no-repeat;-webkit-background-size:cover;-moz-background-size:cover;-o-background-size:cover;background-size:cover;\"  data-bg-url=\"\">\n\t\t\t\t\t\t<div class=\"fusion-image-carousel fusion-image-carousel-auto fusion-carousel-border\"><div class=\"fusion-carousel\" data-autoplay=\"no\" data-columns=\"5\" data-itemmargin=\"10\" data-itemwidth=\"180\" data-touchscroll=\"no\" data-imagesize=\"auto\" data-scrollitems=\"1\"><div class=\"fusion-carousel-positioner\"><ul class=\"fusion-carousel-holder\"><li class=\"fusion-carousel-item\"><div class=\"fusion-carousel-item-wrapper\"><div class=\"fusion-image-wrapper hover-type-liftup\"><img loading=\"lazy\" decoding=\"async\" width=\"800\" height=\"530\" src=\"https:\/\/eurofootballcup.com\/wp-content\/uploads\/2018\/10\/Hotel-Euro-Football-Cup-05.jpg\" class=\"attachment-full size-full\" alt=\"Hotel Euro Football Cup\" srcset=\"https:\/\/eurofootballcup.com\/wp-content\/uploads\/2018\/10\/Hotel-Euro-Football-Cup-05-200x133.jpg 200w, https:\/\/eurofootballcup.com\/wp-content\/uploads\/2018\/10\/Hotel-Euro-Football-Cup-05-300x199.jpg 300w, https:\/\/eurofootballcup.com\/wp-content\/uploads\/2018\/10\/Hotel-Euro-Football-Cup-05-400x265.jpg 400w, https:\/\/eurofootballcup.com\/wp-content\/uploads\/2018\/10\/Hotel-Euro-Football-Cup-05-600x398.jpg 600w, https:\/\/eurofootballcup.com\/wp-content\/uploads\/2018\/10\/Hotel-Euro-Football-Cup-05-768x509.jpg 768w, https:\/\/eurofootballcup.com\/wp-content\/uploads\/2018\/10\/Hotel-Euro-Football-Cup-05.jpg 800w\" sizes=\"(max-width: 800px) 100vw, 800px\" \/><\/div><\/div><\/li><li class=\"fusion-carousel-item\"><div class=\"fusion-carousel-item-wrapper\"><div class=\"fusion-image-wrapper hover-type-liftup\"><img loading=\"lazy\" decoding=\"async\" width=\"800\" height=\"530\" src=\"https:\/\/eurofootballcup.com\/wp-content\/uploads\/2018\/10\/Hotel-Euro-Football-Cup-04.jpg\" class=\"attachment-full size-full\" alt=\"Hotel Euro Football Cup\" srcset=\"https:\/\/eurofootballcup.com\/wp-content\/uploads\/2018\/10\/Hotel-Euro-Football-Cup-04-200x133.jpg 200w, https:\/\/eurofootballcup.com\/wp-content\/uploads\/2018\/10\/Hotel-Euro-Football-Cup-04-300x199.jpg 300w, https:\/\/eurofootballcup.com\/wp-content\/uploads\/2018\/10\/Hotel-Euro-Football-Cup-04-400x265.jpg 400w, https:\/\/eurofootballcup.com\/wp-content\/uploads\/2018\/10\/Hotel-Euro-Football-Cup-04-600x398.jpg 600w, https:\/\/eurofootballcup.com\/wp-content\/uploads\/2018\/10\/Hotel-Euro-Football-Cup-04-768x509.jpg 768w, https:\/\/eurofootballcup.com\/wp-content\/uploads\/2018\/10\/Hotel-Euro-Football-Cup-04.jpg 800w\" sizes=\"(max-width: 800px) 100vw, 800px\" \/><\/div><\/div><\/li><li class=\"fusion-carousel-item\"><div class=\"fusion-carousel-item-wrapper\"><div class=\"fusion-image-wrapper hover-type-liftup\"><img loading=\"lazy\" decoding=\"async\" width=\"800\" height=\"530\" src=\"https:\/\/eurofootballcup.com\/wp-content\/uploads\/2018\/10\/Hotel-Euro-Football-Cup-03.jpg\" class=\"attachment-full size-full\" alt=\"Hotel Euro Football Cup\" srcset=\"https:\/\/eurofootballcup.com\/wp-content\/uploads\/2018\/10\/Hotel-Euro-Football-Cup-03-200x133.jpg 200w, https:\/\/eurofootballcup.com\/wp-content\/uploads\/2018\/10\/Hotel-Euro-Football-Cup-03-300x199.jpg 300w, https:\/\/eurofootballcup.com\/wp-content\/uploads\/2018\/10\/Hotel-Euro-Football-Cup-03-400x265.jpg 400w, https:\/\/eurofootballcup.com\/wp-content\/uploads\/2018\/10\/Hotel-Euro-Football-Cup-03-600x398.jpg 600w, https:\/\/eurofootballcup.com\/wp-content\/uploads\/2018\/10\/Hotel-Euro-Football-Cup-03-768x509.jpg 768w, https:\/\/eurofootballcup.com\/wp-content\/uploads\/2018\/10\/Hotel-Euro-Football-Cup-03.jpg 800w\" sizes=\"(max-width: 800px) 100vw, 800px\" \/><\/div><\/div><\/li><li class=\"fusion-carousel-item\"><div class=\"fusion-carousel-item-wrapper\"><div class=\"fusion-image-wrapper hover-type-liftup\"><img loading=\"lazy\" decoding=\"async\" width=\"800\" height=\"530\" src=\"https:\/\/eurofootballcup.com\/wp-content\/uploads\/2018\/10\/Hotel-Euro-Football-Cup-02.jpg\" class=\"attachment-full size-full\" alt=\"Hotel Euro Football Cup\" srcset=\"https:\/\/eurofootballcup.com\/wp-content\/uploads\/2018\/10\/Hotel-Euro-Football-Cup-02-200x133.jpg 200w, https:\/\/eurofootballcup.com\/wp-content\/uploads\/2018\/10\/Hotel-Euro-Football-Cup-02-300x199.jpg 300w, https:\/\/eurofootballcup.com\/wp-content\/uploads\/2018\/10\/Hotel-Euro-Football-Cup-02-400x265.jpg 400w, https:\/\/eurofootballcup.com\/wp-content\/uploads\/2018\/10\/Hotel-Euro-Football-Cup-02-600x398.jpg 600w, https:\/\/eurofootballcup.com\/wp-content\/uploads\/2018\/10\/Hotel-Euro-Football-Cup-02-768x509.jpg 768w, https:\/\/eurofootballcup.com\/wp-content\/uploads\/2018\/10\/Hotel-Euro-Football-Cup-02.jpg 800w\" sizes=\"(max-width: 800px) 100vw, 800px\" \/><\/div><\/div><\/li><li class=\"fusion-carousel-item\"><div class=\"fusion-carousel-item-wrapper\"><div class=\"fusion-image-wrapper hover-type-liftup\"><img loading=\"lazy\" decoding=\"async\" width=\"800\" height=\"530\" src=\"https:\/\/eurofootballcup.com\/wp-content\/uploads\/2018\/10\/Hotel-Euro-Football-Cup-01.jpg\" class=\"attachment-full size-full\" alt=\"Hotel Euro Football Cup\" srcset=\"https:\/\/eurofootballcup.com\/wp-content\/uploads\/2018\/10\/Hotel-Euro-Football-Cup-01-200x133.jpg 200w, https:\/\/eurofootballcup.com\/wp-content\/uploads\/2018\/10\/Hotel-Euro-Football-Cup-01-300x199.jpg 300w, https:\/\/eurofootballcup.com\/wp-content\/uploads\/2018\/10\/Hotel-Euro-Football-Cup-01-400x265.jpg 400w, https:\/\/eurofootballcup.com\/wp-content\/uploads\/2018\/10\/Hotel-Euro-Football-Cup-01-600x398.jpg 600w, https:\/\/eurofootballcup.com\/wp-content\/uploads\/2018\/10\/Hotel-Euro-Football-Cup-01-768x509.jpg 768w, https:\/\/eurofootballcup.com\/wp-content\/uploads\/2018\/10\/Hotel-Euro-Football-Cup-01.jpg 800w\" sizes=\"(max-width: 800px) 100vw, 800px\" \/><\/div><\/div><\/li><\/ul><div class=\"fusion-carousel-nav\"><span class=\"fusion-nav-prev\"><\/span><span class=\"fusion-nav-next\"><\/span><\/div><\/div><\/div><\/div><div class=\"fusion-clearfix\"><\/div>\n\n\t\t\t\t\t<\/div>\n\t\t\t\t<\/div><\/div><\/div><\/p>\n","protected":false},"excerpt":{"rendered":"","protected":false},"author":1,"featured_media":0,"parent":0,"menu_order":0,"comment_status":"closed","ping_status":"closed","template":"100-width.php","meta":{"footnotes":""},"_links":{"self":[{"href":"https:\/\/eurofootballcup.com\/es\/wp-json\/wp\/v2\/pages\/1644\/"}],"collection":[{"href":"https:\/\/eurofootballcup.com\/es\/wp-json\/wp\/v2\/pages\/"}],"about":[{"href":"https:\/\/eurofootballcup.com\/es\/wp-json\/wp\/v2\/types\/page\/"}],"author":[{"embeddable":true,"href":"https:\/\/eurofootballcup.com\/es\/wp-json\/wp\/v2\/users\/1\/"}],"replies":[{"embeddable":true,"href":"https:\/\/eurofootballcup.com\/es\/wp-json\/wp\/v2\/comments\/?post=1644"}],"version-history":[{"count":13,"href":"https:\/\/eurofootballcup.com\/es\/wp-json\/wp\/v2\/pages\/1644\/revisions\/"}],"predecessor-version":[{"id":1949,"href":"https:\/\/eurofootballcup.com\/es\/wp-json\/wp\/v2\/pages\/1644\/revisions\/1949\/"}],"wp:attachment":[{"href":"https:\/\/eurofootballcup.com\/es\/wp-json\/wp\/v2\/media\/?parent=1644"}],"curies":[{"name":"wp","href":"https:\/\/api.w.org\/{rel}","templated":true}]}}